{"id":1689,"date":"2020-10-27T14:33:05","date_gmt":"2020-10-27T14:33:05","guid":{"rendered":"https:\/\/lakiara.ee\/my-account\/"},"modified":"2021-11-24T18:33:34","modified_gmt":"2021-11-24T18:33:34","slug":"my-account","status":"publish","type":"page","link":"https:\/\/lakiara.ee\/en\/my-account\/","title":{"rendered":"My Account"},"content":{"rendered":"<div class=\"woocommerce\"><\/div>\n","protected":false},"excerpt":{"rendered":"","protected":false},"author":1166,"featured_media":0,"parent":0,"menu_order":0,"comment_status":"closed","ping_status":"closed","template":"","meta":{"footnotes":""},"class_list":["post-1689","page","type-page","status-publish","hentry"],"yoast_head":"<!-- This site is optimized with the Yoast SEO Premium plugin v15.9.1 - https:\/\/yoast.com\/wordpress\/plugins\/seo\/ -->\n<title>My Account - La Kiara - ehted, naiste ehted, k&otilde;rvar&otilde;ngad, Ag925 h&otilde;beehted<\/title>\n<meta name=\"description\" content=\"Ehted, mis jutustavad Sinu lugu! Me ei taha Sulle m\u00fc\u00fca lihtsalt ehteid. Meie soov on pakkuda Sulle emotsiooni, personaalsust ja t\u00e4hendusega ehteid. La Kiara - ajatu ilu elegantsele naisele!\" \/>\n<link rel=\"canonical\" href=\"https:\/\/lakiara.ee\/en\/my-account\/\" \/>\n<meta property=\"og:locale\" content=\"en_US\" \/>\n<meta property=\"og:type\" content=\"article\" \/>\n<meta property=\"og:title\" content=\"My Account - La Kiara - ehted, naiste ehted, k&otilde;rvar&otilde;ngad, Ag925 h&otilde;beehted\" \/>\n<meta property=\"og:description\" content=\"Ehted, mis jutustavad Sinu lugu! Me ei taha Sulle m\u00fc\u00fca lihtsalt ehteid. Meie soov on pakkuda Sulle emotsiooni, personaalsust ja t\u00e4hendusega ehteid. La Kiara - ajatu ilu elegantsele naisele!\" \/>\n<meta property=\"og:url\" content=\"https:\/\/lakiara.ee\/en\/my-account\/\" \/>\n<meta property=\"og:site_name\" content=\"La Kiara - ehted, naiste ehted, k&otilde;rvar&otilde;ngad, Ag925 h&otilde;beehted\" \/>\n<meta property=\"article:publisher\" content=\"https:\/\/www.facebook.com\/lakiaradesign\" \/>\n<meta property=\"article:modified_time\" content=\"2021-11-24T18:33:34+00:00\" \/>\n<meta property=\"og:image\" content=\"https:\/\/lakiara.ee\/wp-content\/uploads\/2021\/02\/la-kiara-org-logo.png\" \/>\n\t<meta property=\"og:image:width\" content=\"1000\" \/>\n\t<meta property=\"og:image:height\" content=\"323\" \/>\n<meta name=\"twitter:card\" content=\"summary_large_image\" \/>\n<script type=\"application\/ld+json\" class=\"yoast-schema-graph\">{\"@context\":\"https:\/\/schema.org\",\"@graph\":[{\"@type\":\"Organization\",\"@id\":\"https:\/\/lakiara.ee\/en\/#organization\",\"name\":\"La Kiara - ehted ja k\\u00e4ekellad\",\"url\":\"https:\/\/lakiara.ee\/en\/\",\"sameAs\":[\"https:\/\/www.facebook.com\/lakiaradesign\",\"https:\/\/www.instagram.com\/lakiara.ee\/\"],\"logo\":{\"@type\":\"ImageObject\",\"@id\":\"https:\/\/lakiara.ee\/en\/#logo\",\"inLanguage\":\"en-US\",\"url\":\"https:\/\/lakiara.ee\/wp-content\/uploads\/2020\/09\/la-kiara-org-logo.png\",\"width\":1000,\"height\":323,\"caption\":\"La Kiara - ehted ja k\\u00e4ekellad\"},\"image\":{\"@id\":\"https:\/\/lakiara.ee\/en\/#logo\"}},{\"@type\":\"WebSite\",\"@id\":\"https:\/\/lakiara.ee\/en\/#website\",\"url\":\"https:\/\/lakiara.ee\/en\/\",\"name\":\"La Kiara - Ehted ja kellad\",\"description\":\"La Kiara - Ajatu ilu kvaliteeti hindavale naisele. Ehted. K&otilde;rvar&otilde;ngad. Ag925 h&otilde;beehted. Naiste ehted. Kingitused ja kingiideed.\",\"publisher\":{\"@id\":\"https:\/\/lakiara.ee\/en\/#organization\"},\"potentialAction\":[{\"@type\":\"SearchAction\",\"target\":\"https:\/\/lakiara.ee\/en\/?s={search_term_string}\",\"query-input\":\"required name=search_term_string\"}],\"inLanguage\":\"en-US\"},{\"@type\":\"WebPage\",\"@id\":\"https:\/\/lakiara.ee\/en\/my-account\/#webpage\",\"url\":\"https:\/\/lakiara.ee\/en\/my-account\/\",\"name\":\"My Account - La Kiara - ehted, naiste ehted, k&otilde;rvar&otilde;ngad, Ag925 h&otilde;beehted\",\"isPartOf\":{\"@id\":\"https:\/\/lakiara.ee\/en\/#website\"},\"datePublished\":\"2020-10-27T14:33:05+00:00\",\"dateModified\":\"2021-11-24T18:33:34+00:00\",\"description\":\"Ehted, mis jutustavad Sinu lugu! Me ei taha Sulle m\\u00fc\\u00fca lihtsalt ehteid. Meie soov on pakkuda Sulle emotsiooni, personaalsust ja t\\u00e4hendusega ehteid. La Kiara - ajatu ilu elegantsele naisele!\",\"breadcrumb\":{\"@id\":\"https:\/\/lakiara.ee\/en\/my-account\/#breadcrumb\"},\"inLanguage\":\"en-US\",\"potentialAction\":[{\"@type\":\"ReadAction\",\"target\":[\"https:\/\/lakiara.ee\/en\/my-account\/\"]}]},{\"@type\":\"BreadcrumbList\",\"@id\":\"https:\/\/lakiara.ee\/en\/my-account\/#breadcrumb\",\"itemListElement\":[{\"@type\":\"ListItem\",\"position\":1,\"item\":{\"@type\":\"WebPage\",\"@id\":\"https:\/\/lakiara.ee\/en\/\",\"url\":\"https:\/\/lakiara.ee\/en\/\",\"name\":\"Home\"}},{\"@type\":\"ListItem\",\"position\":2,\"item\":{\"@type\":\"WebPage\",\"@id\":\"https:\/\/lakiara.ee\/en\/my-account\/\",\"url\":\"https:\/\/lakiara.ee\/en\/my-account\/\",\"name\":\"My Account\"}}]}]}<\/script>\n<!-- \/ Yoast SEO Premium plugin. -->","_links":{"self":[{"href":"https:\/\/lakiara.ee\/en\/wp-json\/wp\/v2\/pages\/1689","targetHints":{"allow":["GET"]}}],"collection":[{"href":"https:\/\/lakiara.ee\/en\/wp-json\/wp\/v2\/pages"}],"about":[{"href":"https:\/\/lakiara.ee\/en\/wp-json\/wp\/v2\/types\/page"}],"author":[{"embeddable":true,"href":"https:\/\/lakiara.ee\/en\/wp-json\/wp\/v2\/users\/1166"}],"replies":[{"embeddable":true,"href":"https:\/\/lakiara.ee\/en\/wp-json\/wp\/v2\/comments?post=1689"}],"version-history":[{"count":1,"href":"https:\/\/lakiara.ee\/en\/wp-json\/wp\/v2\/pages\/1689\/revisions"}],"predecessor-version":[{"id":8312,"href":"https:\/\/lakiara.ee\/en\/wp-json\/wp\/v2\/pages\/1689\/revisions\/8312"}],"wp:attachment":[{"href":"https:\/\/lakiara.ee\/en\/wp-json\/wp\/v2\/media?parent=1689"}],"curies":[{"name":"wp","href":"https:\/\/api.w.org\/{rel}","templated":true}]}}