{"id":8303,"date":"2021-11-24T13:49:07","date_gmt":"2021-11-24T13:49:07","guid":{"rendered":"https:\/\/lakiara.ee\/about-the-jewelry\/"},"modified":"2021-12-13T11:30:43","modified_gmt":"2021-12-13T11:30:43","slug":"about-the-jewelry","status":"publish","type":"page","link":"https:\/\/lakiara.ee\/en\/about-the-jewelry\/","title":{"rendered":"About the jewelry"},"content":{"rendered":"\n\t<section class=\"section\" id=\"section_1744450345\">\n\t\t<div class=\"bg section-bg fill bg-fill bg-loaded bg-loaded\" >\n\n\t\t\t\n\t\t\t\n\t\t\t\n\n\t\t<\/div>\n\n\t\t\n\n\t\t<div class=\"section-content relative\">\n\t\t\t\n\n<div class=\"row align-center\"  id=\"row-1549395354\">\n\n\n\t<div id=\"col-943968417\" class=\"col medium-4 small-9 large-4\"  >\n\t\t\t\t<div class=\"col-inner text-center\"  >\n\t\t\t\n\t\t\t\n\n\n\t\t<div class=\"icon-box featured-box icon-box-center text-center\"  >\n\t\t\t\t\t<div class=\"icon-box-img has-icon-bg\" style=\"width: 60px\">\n\t\t\t\t<div class=\"icon\">\n\t\t\t\t\t<div class=\"icon-inner\" style=\"border-width:2px;color:rgb(243, 193, 57);\">\n\t\t\t\t\t\t<?xml version=\"1.0\" encoding=\"iso-8859-1\"?>\r\n<!-- Generator: Adobe Illustrator 19.0.0, SVG Export Plug-In . SVG Version: 6.00 Build 0)  -->\r\n<svg version=\"1.1\" id=\"Capa_1\" xmlns=\"http:\/\/www.w3.org\/2000\/svg\" xmlns:xlink=\"http:\/\/www.w3.org\/1999\/xlink\" x=\"0px\" y=\"0px\"\r\n\t viewBox=\"0 0 384.941 384.941\" style=\"enable-background:new 0 0 384.941 384.941;\" xml:space=\"preserve\">\r\n<g>\r\n\t<path d=\"M299.803,95c-54.617,0-98.833-39.752-98.833-88V0h-16v7c0,48.248-44.216,88-98.833,88H26.97v77.627\r\n\t\tc0,45.87,15.597,90.113,44.632,127.947c28.914,37.676,69.521,66.363,117.198,82.959l4.107,1.407l4.077-1.408\r\n\t\tc47.676-16.596,87.924-45.283,116.838-82.959c29.035-37.834,44.147-82.077,44.147-127.947V95H299.803z M342.97,172.627\r\n\t\tc0,42.538-14.024,83.624-41.031,118.814c-26.948,35.115-64.576,61.939-109.094,77.615c-44.518-15.676-82.458-42.5-109.406-77.615\r\n\t\tC56.432,256.251,41.97,215.166,41.97,172.627V110h44.167c30.363,0,58.915-10.808,80.396-29.979\r\n\t\tc11.827-10.555,20.758-23.157,26.438-36.787c5.68,13.629,14.61,26.294,26.438,36.849C240.888,99.254,269.44,110,299.803,110h43.167\r\n\t\tV172.627z\"\/>\r\n\t<path d=\"M203.465,149.5c11.093,0,22.002,2.958,31.548,8.554l7.586-12.94c-11.845-6.943-25.377-10.614-39.134-10.614\r\n\t\tc-34.729,0-64.195,22.961-74.016,54.5H112.97v15h13.406c-0.271,2.631-0.412,5.299-0.412,8c0,3.046,0.196,6.045,0.54,9H112.97v15\r\n\t\th16.816c10.129,31.019,39.32,53.5,73.678,53.5c13.757,0,27.289-3.67,39.134-10.614l-7.586-12.94\r\n\t\tc-9.546,5.596-20.455,8.554-31.548,8.554c-25.963,0-48.272-15.916-57.701-38.5h42.207v-15h-46.349c-0.426-2.94-0.657-5.943-0.657-9\r\n\t\tc0-2.712,0.193-5.378,0.53-8h46.476v-15h-42.602C154.551,165.89,177.122,149.5,203.465,149.5z\"\/>\r\n<\/g>\r\n<g>\r\n<\/g>\r\n<g>\r\n<\/g>\r\n<g>\r\n<\/g>\r\n<g>\r\n<\/g>\r\n<g>\r\n<\/g>\r\n<g>\r\n<\/g>\r\n<g>\r\n<\/g>\r\n<g>\r\n<\/g>\r\n<g>\r\n<\/g>\r\n<g>\r\n<\/g>\r\n<g>\r\n<\/g>\r\n<g>\r\n<\/g>\r\n<g>\r\n<\/g>\r\n<g>\r\n<\/g>\r\n<g>\r\n<\/g>\r\n<\/svg>\r\n\t\t\t\t\t<\/div>\n\t\t\t\t<\/div>\n\t\t\t<\/div>\n\t\t\t\t<div class=\"icon-box-text last-reset\">\n\t\t\t\t\t\t\t\t\t\n\n<h3><strong>14 day MONEY BACK GUARANTEE<\/strong><\/h3>\r\n<p>When you order from La Kiara online store, you have the opportunity to return the product(s) with a 14-day money back guarantee. You can find more information abut it in the section on withdrawal rights.<\/p>\n\n\t\t<\/div>\n\t<\/div>\n\t\n\t\n\n\t\t<\/div>\n\t\t\t\t\t<\/div>\n\n\t\n\n\t<div id=\"col-1535315587\" class=\"col medium-4 small-9 large-4\"  >\n\t\t\t\t<div class=\"col-inner text-center\"  >\n\t\t\t\n\t\t\t\n\n\n\t\t<div class=\"icon-box featured-box icon-box-center text-center\"  >\n\t\t\t\t\t<div class=\"icon-box-img has-icon-bg\" style=\"width: 60px\">\n\t\t\t\t<div class=\"icon\">\n\t\t\t\t\t<div class=\"icon-inner\" style=\"border-width:2px;color:rgb(243, 193, 57);\">\n\t\t\t\t\t\t<?xml version=\"1.0\" encoding=\"iso-8859-1\"?>\r\n<!-- Generator: Adobe Illustrator 16.0.0, SVG Export Plug-In . SVG Version: 6.00 Build 0)  -->\r\n<!DOCTYPE svg PUBLIC \"-\/\/W3C\/\/DTD SVG 1.1\/\/EN\" \"http:\/\/www.w3.org\/Graphics\/SVG\/1.1\/DTD\/svg11.dtd\">\r\n<svg version=\"1.1\" id=\"Capa_1\" xmlns=\"http:\/\/www.w3.org\/2000\/svg\" xmlns:xlink=\"http:\/\/www.w3.org\/1999\/xlink\" x=\"0px\" y=\"0px\"\r\n\t width=\"511.626px\" height=\"511.626px\" viewBox=\"0 0 511.626 511.626\" style=\"enable-background:new 0 0 511.626 511.626;\"\r\n\t xml:space=\"preserve\">\r\n<g>\r\n\t<path d=\"M475.366,71.949c-24.175-23.606-57.575-35.404-100.215-35.404c-11.8,0-23.843,2.046-36.117,6.136\r\n\t\tc-12.279,4.093-23.702,9.615-34.256,16.562c-10.568,6.945-19.65,13.467-27.269,19.556c-7.61,6.091-14.845,12.564-21.696,19.414\r\n\t\tc-6.854-6.85-14.087-13.323-21.698-19.414c-7.616-6.089-16.702-12.607-27.268-19.556c-10.564-6.95-21.985-12.468-34.261-16.562\r\n\t\tc-12.275-4.089-24.316-6.136-36.116-6.136c-42.637,0-76.039,11.801-100.211,35.404C12.087,95.55,0,128.286,0,170.16\r\n\t\tc0,12.753,2.24,25.891,6.711,39.398c4.471,13.514,9.566,25.031,15.275,34.546c5.708,9.514,12.181,18.792,19.414,27.834\r\n\t\tc7.233,9.041,12.519,15.272,15.846,18.698c3.33,3.426,5.948,5.903,7.851,7.427L243.25,469.938\r\n\t\tc3.427,3.426,7.614,5.144,12.562,5.144s9.138-1.718,12.563-5.144l177.87-171.31c43.588-43.58,65.38-86.406,65.38-128.472\r\n\t\tC511.626,128.279,499.54,95.546,475.366,71.949z M421.405,271.795L255.813,431.391L89.938,271.507\r\n\t\tC54.344,235.922,36.55,202.133,36.55,170.156c0-15.415,2.046-29.026,6.136-40.824c4.093-11.8,9.327-21.177,15.703-28.124\r\n\t\tc6.377-6.949,14.132-12.607,23.268-16.988c9.141-4.377,18.086-7.328,26.84-8.85c8.754-1.52,18.079-2.281,27.978-2.281\r\n\t\tc9.896,0,20.557,2.424,31.977,7.279c11.418,4.853,21.934,10.944,31.545,18.271c9.613,7.332,17.845,14.183,24.7,20.557\r\n\t\tc6.851,6.38,12.559,12.229,17.128,17.559c3.424,4.189,8.091,6.283,13.989,6.283c5.9,0,10.562-2.094,13.99-6.283\r\n\t\tc4.568-5.33,10.28-11.182,17.131-17.559c6.852-6.374,15.085-13.222,24.694-20.557c9.613-7.327,20.129-13.418,31.553-18.271\r\n\t\tc11.416-4.854,22.08-7.279,31.977-7.279s19.219,0.761,27.977,2.281c8.757,1.521,17.702,4.473,26.84,8.85\r\n\t\tc9.137,4.38,16.892,10.042,23.267,16.988c6.376,6.947,11.612,16.324,15.705,28.124c4.086,11.798,6.132,25.409,6.132,40.824\r\n\t\tC475.078,202.133,457.19,236.016,421.405,271.795z\"\/>\r\n<\/g>\r\n<g>\r\n<\/g>\r\n<g>\r\n<\/g>\r\n<g>\r\n<\/g>\r\n<g>\r\n<\/g>\r\n<g>\r\n<\/g>\r\n<g>\r\n<\/g>\r\n<g>\r\n<\/g>\r\n<g>\r\n<\/g>\r\n<g>\r\n<\/g>\r\n<g>\r\n<\/g>\r\n<g>\r\n<\/g>\r\n<g>\r\n<\/g>\r\n<g>\r\n<\/g>\r\n<g>\r\n<\/g>\r\n<g>\r\n<\/g>\r\n<\/svg>\r\n\t\t\t\t\t<\/div>\n\t\t\t\t<\/div>\n\t\t\t<\/div>\n\t\t\t\t<div class=\"icon-box-text last-reset\">\n\t\t\t\t\t\t\t\t\t\n\n<h3>100% SATISFACTION guarantee<\/h3>\r\n<p>Customer satisfaction and feedback are very important to us. If you have any questions or want more detailed information about a product, please write to us at info@lakiara.ee<\/p>\n\n\t\t<\/div>\n\t<\/div>\n\t\n\t\n\n\t\t<\/div>\n\t\t\t\t\t<\/div>\n\n\t\n\n\t<div id=\"col-1300083362\" class=\"col medium-4 small-9 large-4\"  >\n\t\t\t\t<div class=\"col-inner text-center\"  >\n\t\t\t\n\t\t\t\n\n\n\t\t<div class=\"icon-box featured-box icon-box-center text-center\"  >\n\t\t\t\t\t<div class=\"icon-box-img has-icon-bg\" style=\"width: 60px\">\n\t\t\t\t<div class=\"icon\">\n\t\t\t\t\t<div class=\"icon-inner\" style=\"border-width:2px;color:rgb(243, 193, 57);\">\n\t\t\t\t\t\t<?xml version=\"1.0\" encoding=\"iso-8859-1\"?>\r\n<!-- Generator: Adobe Illustrator 18.0.0, SVG Export Plug-In . SVG Version: 6.00 Build 0)  -->\r\n<!DOCTYPE svg PUBLIC \"-\/\/W3C\/\/DTD SVG 1.1\/\/EN\" \"http:\/\/www.w3.org\/Graphics\/SVG\/1.1\/DTD\/svg11.dtd\">\r\n<svg version=\"1.1\" id=\"Capa_1\" xmlns=\"http:\/\/www.w3.org\/2000\/svg\" xmlns:xlink=\"http:\/\/www.w3.org\/1999\/xlink\" x=\"0px\" y=\"0px\"\r\n\t viewBox=\"0 0 416.729 416.729\" style=\"enable-background:new 0 0 416.729 416.729;\" xml:space=\"preserve\">\r\n<path d=\"M405.544,120.462c-11.628-11.76-27.092-18.236-43.548-18.236c-0.002,0-0.005,0-0.007,0\r\n\tc-16.454,0.002-31.915,6.479-43.537,18.238l-24.424,24.716c-6.237-13.053-16.818-23.714-30.209-29.938l-16.345-7.606\r\n\tc-44.403-20.645-81.27-53.922-106.614-96.232c-2.175-3.632-6.403-5.501-10.555-4.664c-4.151,0.836-7.325,4.197-7.923,8.389\r\n\tl-1.412,9.88c-6.696,46.838,1.684,94.816,23.608,136.434c-42.788,14.085-88.264,15.91-132.209,5.195\r\n\tc-4.098-0.998-8.379,0.679-10.707,4.194c-2.328,3.515-2.201,8.113,0.317,11.494l5.936,7.971\r\n\tc28.063,37.688,66.468,64.932,111.062,78.785c14.433,4.484,29.107,7.439,43.852,8.867l-47.007,47.565l-72.678,54.869\r\n\tc-3.247,2.451-4.685,6.625-3.637,10.556s4.373,6.835,8.409,7.346l93.565,11.825c0.419,0.053,0.838,0.079,1.255,0.079\r\n\tc2.912,0,5.707-1.274,7.619-3.525l47.316-55.679l32.58,3.412c4.058,0.425,8.103,0.635,12.13,0.635\r\n\tc25.983-0.001,51.086-8.765,71.739-25.247c23.822-19.011,39.143-46.23,43.139-76.643l9.067-69.011\r\n\tc11.846,4.834,21.08,3.536,26.743,2.74c1.035-0.146,2.335-0.327,2.78-0.323c11.256,0.099,20.523-9.009,20.684-20.251\r\n\tc0.09-6.199,0.196-14.444,0.196-18.525C416.729,137.473,412.759,127.777,405.544,120.462z M139.077,44.601\r\n\tc26.123,34.92,60.254,62.707,99.961,81.168l16.346,7.607c11.41,5.303,19.826,15.348,23.219,27.412l-19.778,20.014l-27.545-20.818\r\n\tc-17.192-12.994-39.458-16.198-59.56-8.57l-8.174,3.102C145.3,120.982,136.816,82.737,139.077,44.601z M138.619,389.589\r\n\tl-63.796-8.063l50.49-38.118l48.257,5.053L138.619,389.589z M396.535,166.009c-0.004,0.298-0.249,0.54-0.547,0.54\r\n\tc-0.001,0-0.002,0-0.004,0c-1.882-0.013-3.757,0.245-5.7,0.518c-6.209,0.873-13.945,1.962-25.94-7.013\r\n\tc-2.844-2.128-6.604-2.588-9.875-1.208c-3.272,1.379-5.568,4.391-6.031,7.912l-11.009,83.78\r\n\tc-3.318,25.257-16.026,47.849-35.783,63.616c-19.725,15.74-44.336,22.969-69.312,20.353l-88.157-9.232l45.875-46.421\r\n\tc21.797-0.659,43.52-4.639,64.608-11.933c5.22-1.805,7.987-7.5,6.183-12.719c-1.807-5.22-7.505-7.987-12.72-6.182\r\n\tc-20.231,6.997-40.957,10.56-61.487,10.905c-0.614-0.049-2.818,0.028-3.305,0.028c-56.198,0-110.637-24.088-149.035-67.82\r\n\tc43.004,5.883,86.654,0.94,127.676-14.627l16.844-6.392c13.63-5.171,28.735-2.994,40.405,5.826l34.532,26.1\r\n\tc3.026,2.288,7.088,2.664,10.485,0.974c1.044-0.52,1.97-1.207,2.752-2.021l65.687-66.469c7.835-7.928,18.246-12.295,29.313-12.296\r\n\tc11.072-0.001,21.488,4.366,29.322,12.289c3.492,3.541,5.416,8.249,5.416,13.257C396.729,151.733,396.624,159.875,396.535,166.009z\"\r\n\t\/>\r\n<g>\r\n<\/g>\r\n<g>\r\n<\/g>\r\n<g>\r\n<\/g>\r\n<g>\r\n<\/g>\r\n<g>\r\n<\/g>\r\n<g>\r\n<\/g>\r\n<g>\r\n<\/g>\r\n<g>\r\n<\/g>\r\n<g>\r\n<\/g>\r\n<g>\r\n<\/g>\r\n<g>\r\n<\/g>\r\n<g>\r\n<\/g>\r\n<g>\r\n<\/g>\r\n<g>\r\n<\/g>\r\n<g>\r\n<\/g>\r\n<\/svg>\r\n\t\t\t\t\t<\/div>\n\t\t\t\t<\/div>\n\t\t\t<\/div>\n\t\t\t\t<div class=\"icon-box-text last-reset\">\n\t\t\t\t\t\t\t\t\t\n\n<h3>FREE transport on orders more than 75\u20ac<br \/>FREE returns<\/h3>\r\n<p>You can send the product(s) back to us for free! In addition, transport within Estonia is free for orders more than 75 \u20ac. You can find more information in the section on withdrawal rights.<\/p>\n\n\t\t<\/div>\n\t<\/div>\n\t\n\t\n\n\t\t<\/div>\n\t\t\t\t\t<\/div>\n\n\t\n\n<\/div>\n\n\t\t<\/div>\n\n\t\t\n<style>\n#section_1744450345 {\n  padding-top: 60px;\n  padding-bottom: 60px;\n}\n#section_1744450345 .ux-shape-divider--top svg {\n  height: 150px;\n  --divider-top-width: 100%;\n}\n#section_1744450345 .ux-shape-divider--bottom svg {\n  height: 150px;\n  --divider-width: 100%;\n}\n<\/style>\n\t<\/section>\n\t\n<h3 style=\"text-align: center;\">Want to see what the jewelry really looks like? You can get the best overview by checking our Instagram page @lakiara.ee. We have plenty of content there to give an overview on most of the products in store.<\/h3>\n<div class=\"row\"  id=\"row-1720984081\">\n\n\n\t<div id=\"col-881797035\" class=\"col medium-6 small-12 large-6\"  >\n\t\t\t\t<div class=\"col-inner\"  >\n\t\t\t\n\t\t\t\n\n<h2 style=\"text-align: center;\"><img loading=\"lazy\" decoding=\"async\" class=\"alignnone wp-image-4150\" src=\"https:\/\/lakiara.ee\/wp-content\/uploads\/2021\/02\/Screenshot-2021-02-20-at-17.11.12.png\" alt=\"\" width=\"298\" height=\"178\" \/><\/h2>\r\n<h2 style=\"text-align: center;\">DUCETT &#8211; Dutch jewelry brand<\/h2>\r\n<p>La Kiara is the official importer and distributor of the DUCETT brand throughout the Baltics &#8211; Estonia, Latvia and Lithuania.<\/p>\r\n<p>DUCETT&#8217;s product range includes primarily personal engraved bracelets and necklaces. The products are characterized by beautiful design, high quality, affordable pricing, long-lasting durability and deeper personalization with possibility of engraving<\/p>\r\n<p>All DUCETT products are made of 316L stainless steel, so they are allergy-free.<\/p>\r\n<p>316L is a surgical grade stainless steel. Although not considered a precious metal, it is much more durable than silver or platinum. It also makes the jewelry durable and affordable. 316L Stainless Steel does not rust, stain, fade, stain your skin or corrode.<\/p>\r\n<p>The entire DUCETT jewelry range forms one large collection, meaning you can perfectly combine watches, bracelets and necklaces for a perfect match.<\/p>\r\n<p>DUCETT&#8217;s most special product line is Your Story Bracelets. You create this bracelet completely by yourself. The selection includes 11 base bracelets with different shades and functions, on which you can choose from 37 different decorative details which are personal for the wearer. In addition, various names, dates and other necessary symbols can be engraved on the jewelry. Your Story Bracelet is the Perfect Gift!<\/p>\r\n<p>You&#8217;ll find the DUCETT your story bracelets here:<\/p>\r\n<p><a href=\"\/?product_cat=sinu-lugu\">https:\/\/lakiara.ee\/kategooria\/sinu-lugu\/<\/a><\/p>\r\n<p style=\"text-align: center;\"><img loading=\"lazy\" decoding=\"async\" class=\"alignnone wp-image-4177\" src=\"https:\/\/lakiara.ee\/wp-content\/uploads\/2021\/02\/la-kiara-black-800x265.png\" alt=\"\" width=\"242\" height=\"80\" srcset=\"https:\/\/lakiara.ee\/wp-content\/uploads\/2021\/02\/la-kiara-black-800x265.png 800w, https:\/\/lakiara.ee\/wp-content\/uploads\/2021\/02\/la-kiara-black-600x199.png 600w, https:\/\/lakiara.ee\/wp-content\/uploads\/2021\/02\/la-kiara-black-768x255.png 768w, https:\/\/lakiara.ee\/wp-content\/uploads\/2021\/02\/la-kiara-black.png 850w\" sizes=\"auto, (max-width: 242px) 100vw, 242px\" \/><\/p>\r\n<h2 style=\"text-align: center;\">LA KIARA &#8211; Estonian jewelry brand<\/h2>\r\n<p>All La Kiara jewelry is made of Ag925 sterling silver.<\/p>\r\n<p>Ag925 silver tone jewelry is platinum or rhodium plated. Platinum and rhodium plated jewelry does not darken or fade and is resistant to any color change, making the inherently soft silver significantly more durable.<\/p>\r\n<p>The gold tone and rose gold tone Ag925 jewelry is covered with a 18-carat double gold plating (base layer and top finish). This ensures a significantly higher durability of the gold layer.<\/p>\r\n<p>The Swarovski crystals and pearls used in the jewelry are 100% genuine, origin from Austria. All Swarovski crystals and pearls used in the jewelry come only from the product range of Swarovski\u00ae partners certified in Europe.<\/p>\r\n<p>Swarovski crystals are one of the most valued premium brand gemstones in the world, due to their high quality, originality and beautiful appearance. Swarovski crystals are characterized by the highest precision of detail, high quality of finish and a very wide color palette. That&#8217;s why Swarovski crystals are the preferred accessory material for even the most demanding top designers, hence its justification for being part of a luxury piece.<\/p>\r\n<p>Detailed information about the materials and the properties of the jewelry are also presented separately for each piece of jewelry.<\/p>\r\n<p>You can find the selection of LA KIARA Ag925 jewelry here:<\/p>\r\n<p><a href=\"\/?product_cat=la-kiara\">https:\/\/lakiara.ee\/kategooria\/la-kiara\/<\/a><\/p>\n\n\t\t<\/div>\n\t\t\t\t\t<\/div>\n\n\t\n\n\t<div id=\"col-1377850557\" class=\"col medium-6 small-12 large-6\"  >\n\t\t\t\t<div class=\"col-inner\"  >\n\t\t\t\n\t\t\t\n\n<div class=\"wpb_column vc_column_container vc_col-sm-4\">\r\n<div class=\"vc_column-inner\">\r\n<div class=\"wpb_wrapper\">\r\n<div class=\"wpb_text_column wpb_content_element \">\r\n<div class=\"wpb_wrapper\">\r\n<h2><\/h2>\r\n<h2 style=\"text-align: center;\">eHe &#8211; Estonian jewelry brand<\/h2>\r\n<p>eHe jewelery is a wonderful creation of the talented Estonian jewelry master &#8211; Heret, with more than 10 years of experience. Natural and high-quality materials, a beautiful play of colors and shapes, uniqueness and distinctiveness are the main keywords of eHe jewelry. The materials are mainly wood, clay and sterling silver (Ag925 sample). All earrings come with behind the ear attachments that are tailored to the right shape and size (with different size &#8211; transparent or silver butterfly fasteners). The high quality behind-ear fasteners guarantee that the earring stays in the right position and firmly in place. All eHe earrings represented in La Kiara online store are made on custom order and these models are only available in the La Kiara e-shop. All eHe jewelry will reach you in a beautiful and safe jewelry box. eHe jewelry is a feminine, stylish and special gift for women of all ages, with a friendly price \u2665<\/p>\r\n<p>You can find all eHe jewelry here:<\/p>\r\n<p><a href=\"https:\/\/lakiara.ee\/en\/kategooria\/brand-ehe-estonia\/\">https:\/\/lakiara.ee\/kategooria\/brand-ehe-eesti\/<\/a><\/p>\r\n\r\n<\/div>\r\n<\/div>\r\n<\/div>\r\n<\/div>\r\n<\/div>\r\n<div class=\"wpb_column vc_column_container vc_col-sm-4\">\r\n<div class=\"vc_column-inner\">\r\n<div class=\"wpb_wrapper\">\r\n<div class=\"wpb_text_column wpb_content_element \">\r\n<div class=\"wpb_wrapper\">\r\n<div>\r\n<div><\/div>\r\n<\/div>\r\n<\/div>\r\n<\/div>\r\n<\/div>\r\n<\/div>\r\n<\/div>\r\n<div class=\"wpb_column vc_column_container vc_col-sm-4\">\r\n<div class=\"vc_column-inner\">\r\n<div class=\"wpb_wrapper\">\r\n<div class=\"wpb_text_column wpb_content_element \">\r\n<div class=\"wpb_wrapper\">\r\n<h2><\/h2>\r\n<h2 style=\"text-align: center;\">MAINTENANCE \/ CLEANING<\/h2>\r\n<p>Choose the cleaning method according to the condition of the jewelry and the material.<\/p>\r\n<p>The easiest way to remove fingerprints, dust and other dirt from Swarovski stones and pearls or Ducett jewelry is to use a cleaning cloth used for cleaning eyeglasses.<\/p>\r\n<p>For the daily care of silver jewelry, simple soft cotton cloth is suitable. Can be used to rub jewelry parts and remove the light oxidation layer.<\/p>\r\n<p>To clean silver jewelry that needs stronger cleaning, we recommend using the silver cleaners readily available in the store. For example the best of the best &#8211; Hagerty cleaning cloths (be careful with crystals or pearls!). After cleaning, it is important to remove any detergent residue with (soapy)water and polish and dry the jewelry with a soft cotton cloth.<\/p>\r\n<p>Gold-plated jewelry can be cleaned under warm water with a neutral pH soap.<\/p>\r\n<p>The cheapest and easiest way to take care of your jewelry is to take care of it regularly. Cleaning and proper care of jewelry is very important to ensure the longevity and beautiful appearance of jewelry.<\/p>\r\n<p>There are two most basic and simple rules. First, jewelry is meant to be worn. For example, silver jewelry begins to oxidize when not used or becomes dull and dark. The speed of degeneration largely depends on storage conditions. Second, jewelry should always be the last thing you put on when you leave home and the first thing you remove when you get home.<\/p>\r\n<p>Be sure to keep in mind that silver is a very soft metal. On one hand, it offers advantages (for example, when cleaning you can bend it a little and access hidden places), but on the other hand, scratches and fractures are easy to occur. Therefore, it is important not to drop, kick or bend the jewelry (it may break).<\/p>\r\n<p>Ideally, all jewelry should be stored in a separate special jewelry box to prevent the jewelry from rubbing against other jewelry. It is recommended to keep silver jewelry in a dark and dry place (the surface of the silver darkens in a warm and humid room).<\/p>\r\n<p>What else to remember:<\/p>\r\n<ul>\r\n <li>The biggest enemy of jewelry is household chemicals, cosmetics, perfumes, hair care products, creams, etc.<\/li>\r\n <li>Do not go swimming, gym, spa, beach, sauna, bath, shower, sea or pool with your jewelry. Water, moisture and intense steam degenerate the jewelry faster.<\/li>\r\n <li>Don&#8217;t go to bed with jewelry. Chains and earring locks are especially sensitive, which can change shape or fall off altogether.<\/li>\r\n <li>Protect the jewelry from bright sun, i.e. do not store the jewelry or expose it to direct sunlight.<\/li>\r\n <li>Jewelry made of different materials should be kept separate from each other.<\/li>\r\n<\/ul>\r\n<h2 style=\"text-align: center;\">BRIGHT MOMENTS fOR EVERY DAY!<\/h2>\r\n<\/div>\r\n<\/div>\r\n<\/div>\r\n<\/div>\r\n<\/div>\n\n\t\t<\/div>\n\t\t\t\t\t<\/div>\n\n\t\n\n<\/div>\n\n","protected":false},"excerpt":{"rendered":"","protected":false},"author":1166,"featured_media":0,"parent":0,"menu_order":0,"comment_status":"closed","ping_status":"closed","template":"","meta":{"footnotes":""},"class_list":["post-8303","page","type-page","status-publish","hentry"],"yoast_head":"<!-- This site is optimized with the Yoast SEO Premium plugin v15.9.1 - https:\/\/yoast.com\/wordpress\/plugins\/seo\/ -->\n<title>About the jewelry - La Kiara - ehted, naiste ehted, k&otilde;rvar&otilde;ngad, Ag925 h&otilde;beehted<\/title>\n<meta name=\"description\" content=\"Ehted, mis jutustavad Sinu lugu! Me ei taha Sulle m\u00fc\u00fca lihtsalt ehteid. Meie soov on pakkuda Sulle emotsiooni, personaalsust ja t\u00e4hendusega ehteid. La Kiara - ajatu ilu elegantsele naisele!\" \/>\n<link rel=\"canonical\" href=\"https:\/\/lakiara.ee\/en\/about-the-jewelry\/\" \/>\n<meta property=\"og:locale\" content=\"en_US\" \/>\n<meta property=\"og:type\" content=\"article\" \/>\n<meta property=\"og:title\" content=\"About the jewelry - La Kiara - ehted, naiste ehted, k&otilde;rvar&otilde;ngad, Ag925 h&otilde;beehted\" \/>\n<meta property=\"og:description\" content=\"Ehted, mis jutustavad Sinu lugu! Me ei taha Sulle m\u00fc\u00fca lihtsalt ehteid. Meie soov on pakkuda Sulle emotsiooni, personaalsust ja t\u00e4hendusega ehteid. La Kiara - ajatu ilu elegantsele naisele!\" \/>\n<meta property=\"og:url\" content=\"https:\/\/lakiara.ee\/en\/about-the-jewelry\/\" \/>\n<meta property=\"og:site_name\" content=\"La Kiara - ehted, naiste ehted, k&otilde;rvar&otilde;ngad, Ag925 h&otilde;beehted\" \/>\n<meta property=\"article:publisher\" content=\"https:\/\/www.facebook.com\/lakiaradesign\" \/>\n<meta property=\"article:modified_time\" content=\"2021-12-13T11:30:43+00:00\" \/>\n<meta property=\"og:image\" content=\"https:\/\/lakiara.ee\/wp-content\/uploads\/2021\/02\/Screenshot-2021-02-20-at-17.11.12.png\" \/>\n<meta name=\"twitter:card\" content=\"summary_large_image\" \/>\n<meta name=\"twitter:label1\" content=\"Est. reading time\">\n\t<meta name=\"twitter:data1\" content=\"6 minutes\">\n<script type=\"application\/ld+json\" class=\"yoast-schema-graph\">{\"@context\":\"https:\/\/schema.org\",\"@graph\":[{\"@type\":\"Organization\",\"@id\":\"https:\/\/lakiara.ee\/en\/#organization\",\"name\":\"La Kiara - ehted ja k\\u00e4ekellad\",\"url\":\"https:\/\/lakiara.ee\/en\/\",\"sameAs\":[\"https:\/\/www.facebook.com\/lakiaradesign\",\"https:\/\/www.instagram.com\/lakiara.ee\/\"],\"logo\":{\"@type\":\"ImageObject\",\"@id\":\"https:\/\/lakiara.ee\/en\/#logo\",\"inLanguage\":\"en-US\",\"url\":\"https:\/\/lakiara.ee\/wp-content\/uploads\/2020\/09\/la-kiara-org-logo.png\",\"width\":1000,\"height\":323,\"caption\":\"La Kiara - ehted ja k\\u00e4ekellad\"},\"image\":{\"@id\":\"https:\/\/lakiara.ee\/en\/#logo\"}},{\"@type\":\"WebSite\",\"@id\":\"https:\/\/lakiara.ee\/en\/#website\",\"url\":\"https:\/\/lakiara.ee\/en\/\",\"name\":\"La Kiara - Ehted ja kellad\",\"description\":\"La Kiara - Ajatu ilu kvaliteeti hindavale naisele. Ehted. K&otilde;rvar&otilde;ngad. Ag925 h&otilde;beehted. Naiste ehted. Kingitused ja kingiideed.\",\"publisher\":{\"@id\":\"https:\/\/lakiara.ee\/en\/#organization\"},\"potentialAction\":[{\"@type\":\"SearchAction\",\"target\":\"https:\/\/lakiara.ee\/en\/?s={search_term_string}\",\"query-input\":\"required name=search_term_string\"}],\"inLanguage\":\"en-US\"},{\"@type\":\"ImageObject\",\"@id\":\"https:\/\/lakiara.ee\/en\/about-the-jewelry\/#primaryimage\",\"inLanguage\":\"en-US\",\"url\":\"https:\/\/lakiara.ee\/wp-content\/uploads\/2021\/02\/Screenshot-2021-02-20-at-17.11.12.png\",\"width\":488,\"height\":292},{\"@type\":\"WebPage\",\"@id\":\"https:\/\/lakiara.ee\/en\/about-the-jewelry\/#webpage\",\"url\":\"https:\/\/lakiara.ee\/en\/about-the-jewelry\/\",\"name\":\"About the jewelry - La Kiara - ehted, naiste ehted, k&otilde;rvar&otilde;ngad, Ag925 h&otilde;beehted\",\"isPartOf\":{\"@id\":\"https:\/\/lakiara.ee\/en\/#website\"},\"primaryImageOfPage\":{\"@id\":\"https:\/\/lakiara.ee\/en\/about-the-jewelry\/#primaryimage\"},\"datePublished\":\"2021-11-24T13:49:07+00:00\",\"dateModified\":\"2021-12-13T11:30:43+00:00\",\"description\":\"Ehted, mis jutustavad Sinu lugu! Me ei taha Sulle m\\u00fc\\u00fca lihtsalt ehteid. Meie soov on pakkuda Sulle emotsiooni, personaalsust ja t\\u00e4hendusega ehteid. La Kiara - ajatu ilu elegantsele naisele!\",\"breadcrumb\":{\"@id\":\"https:\/\/lakiara.ee\/en\/about-the-jewelry\/#breadcrumb\"},\"inLanguage\":\"en-US\",\"potentialAction\":[{\"@type\":\"ReadAction\",\"target\":[\"https:\/\/lakiara.ee\/en\/about-the-jewelry\/\"]}]},{\"@type\":\"BreadcrumbList\",\"@id\":\"https:\/\/lakiara.ee\/en\/about-the-jewelry\/#breadcrumb\",\"itemListElement\":[{\"@type\":\"ListItem\",\"position\":1,\"item\":{\"@type\":\"WebPage\",\"@id\":\"https:\/\/lakiara.ee\/en\/\",\"url\":\"https:\/\/lakiara.ee\/en\/\",\"name\":\"Home\"}},{\"@type\":\"ListItem\",\"position\":2,\"item\":{\"@type\":\"WebPage\",\"@id\":\"https:\/\/lakiara.ee\/en\/about-the-jewelry\/\",\"url\":\"https:\/\/lakiara.ee\/en\/about-the-jewelry\/\",\"name\":\"About the jewelry\"}}]}]}<\/script>\n<!-- \/ Yoast SEO Premium plugin. -->","_links":{"self":[{"href":"https:\/\/lakiara.ee\/en\/wp-json\/wp\/v2\/pages\/8303","targetHints":{"allow":["GET"]}}],"collection":[{"href":"https:\/\/lakiara.ee\/en\/wp-json\/wp\/v2\/pages"}],"about":[{"href":"https:\/\/lakiara.ee\/en\/wp-json\/wp\/v2\/types\/page"}],"author":[{"embeddable":true,"href":"https:\/\/lakiara.ee\/en\/wp-json\/wp\/v2\/users\/1166"}],"replies":[{"embeddable":true,"href":"https:\/\/lakiara.ee\/en\/wp-json\/wp\/v2\/comments?post=8303"}],"version-history":[{"count":13,"href":"https:\/\/lakiara.ee\/en\/wp-json\/wp\/v2\/pages\/8303\/revisions"}],"predecessor-version":[{"id":8628,"href":"https:\/\/lakiara.ee\/en\/wp-json\/wp\/v2\/pages\/8303\/revisions\/8628"}],"wp:attachment":[{"href":"https:\/\/lakiara.ee\/en\/wp-json\/wp\/v2\/media?parent=8303"}],"curies":[{"name":"wp","href":"https:\/\/api.w.org\/{rel}","templated":true}]}}