{"id":8310,"date":"2021-11-24T18:33:14","date_gmt":"2021-11-24T18:33:14","guid":{"rendered":"https:\/\/lakiara.ee\/cookie-policy\/"},"modified":"2021-11-24T18:33:14","modified_gmt":"2021-11-24T18:33:14","slug":"cookie-policy","status":"publish","type":"page","link":"https:\/\/lakiara.ee\/en\/cookie-policy\/","title":{"rendered":"Cookie policy"},"content":{"rendered":"\n<h1 class=\"wp-block-heading\">Terms of use for La Kiara cookies<\/h1>\n\n<div>In order to provide you with the best possible user experience on our website, we use cookies.<\/div>&#13;\n<div><strong>What is a cookie?<\/strong><\/div>&#13;\n<div>A cookie is a small text file that is stored on your device when you visit a website.<\/div>&#13;\n<div><strong>What do we use cookies for?<\/strong><\/div>&#13;\n<div>By using cookies, we can provide a better user experience on the website, for example, cookies help to remember your previous visits and choices made on the website.<\/div>&#13;\n<div>By using this website, you agree that we use cookies:<\/div>&#13;\n<div>&#8211; to collect usage patterns and statistics;<\/div>&#13;\n<div>&#8211; to remember user preferences and settings;<\/div>&#13;\n<div>&#8211; to provide offers and marketing messages better suited to the needs of the user;<\/div>&#13;\n<div>&#8211; to gather the information needed to develop the website;<\/div>&#13;\n<div>&#8211; to log in, personalize the page and fill in the forms;<\/div>&#13;\n<div>&#8211; To make it easier to share content on La Kiara on social media;<\/div>&#13;\n<div>&#8211; to provide content (Youtube, Google maps, flixmedia).<\/div>&#13;\n<div><strong>What types of cookies do we use?<\/strong><\/div>&#13;\n<div><\/div>&#13;\n<div><em><strong>Session cookies<\/strong><\/em><\/div>&#13;\n<div><em>Session cookies<\/em> &#8211; temporary cookies &#8211; are used every time you visit our website and are deleted after you close your browser. Temporary cookies are used, for example, to remember the language selection of the website, the content of the shopping cart.<\/div>\n\n<p><em><strong>Persistent cookies<\/strong><\/em>&#13;\nPersistent cookies remain on the user&#8217;s device even after the website has been closed. Persistent cookies have different expiration dates, and some of them remain in the user&#8217;s device for days, months, or even years. Persistent cookies are used, for example, to remember a user&#8217;s preferences and to store a username and password so that the user does not have to log in again with each visit.<\/p>\n\n<p><em><strong>Third-party cookies:<\/strong><\/em>&#13;\nLa Kiara uses third-party cookies to provide higher quality content, collect statistics, and serve ads. You can read the privacy policy and terms of third parties on the cookie manufacturer&#8217;s website.<\/p>\n\n<p>List of third-party cookies:&#13;\n&#8211; You can read the Facebook cookie terms: https:\/\/www.facebook.com\/policies\/cookies\/&#13;\n&#8211; You can read Google&#8217;s cookie policy: https:\/\/www.google.com\/policies\/technologies\/cookies\/&#13;\n&#8211; For Zendesk cookie terms, please visit: https:\/\/www.zendesk.com\/company\/customers-partners\/cookie-policy\/&#13;\n&#8211; The terms and conditions of Vimeo cookies are available at: https:\/\/vimeo.com\/cookie_policy<\/p>\n\n<p><strong>How to restrict and delete cookies?<\/strong>&#13;\nThe user can delete cookies stored on the device and proactively prevent cookies from being stored on his device. To do this, the user must change the privacy settings of the browser.&#13;\nFor details, refer to the operating instructions of the web browser.&#13;\nNB! If you block cookies, we cannot guarantee that the website will work properly.&#13;\nLearn more about cookies&#13;\nwebsite: <a href=\"http:\/\/www.allaboutcookies.org\/\">http:\/\/www.allaboutcookies.org\/<\/a> or <a href=\"http:\/\/www.youronlinechoices.com\/ee\/\">http:\/\/www.youronlinechoices.com\/ee\/<\/a><\/p>\n","protected":false},"excerpt":{"rendered":"<p>Terms of use for La Kiara cookies In order to provide you with the best possible user experience on our website, we use cookies. &#13; What is a cookie? &#13; A cookie is a small text file that is stored on your device when you visit a website. &#13; What do we use cookies for? [&#8230;]\n","protected":false},"author":1166,"featured_media":0,"parent":0,"menu_order":0,"comment_status":"closed","ping_status":"closed","template":"","meta":{"footnotes":""},"class_list":["post-8310","page","type-page","status-publish","hentry"],"yoast_head":"<!-- This site is optimized with the Yoast SEO Premium plugin v15.9.1 - https:\/\/yoast.com\/wordpress\/plugins\/seo\/ -->\n<title>Cookie policy - La Kiara - ehted, naiste ehted, k&otilde;rvar&otilde;ngad, Ag925 h&otilde;beehted<\/title>\n<meta name=\"description\" content=\"Ehted, mis jutustavad Sinu lugu! Me ei taha Sulle m\u00fc\u00fca lihtsalt ehteid. Meie soov on pakkuda Sulle emotsiooni, personaalsust ja t\u00e4hendusega ehteid. La Kiara - ajatu ilu elegantsele naisele!\" \/>\n<link rel=\"canonical\" href=\"https:\/\/lakiara.ee\/en\/cookie-policy\/\" \/>\n<meta property=\"og:locale\" content=\"en_US\" \/>\n<meta property=\"og:type\" content=\"article\" \/>\n<meta property=\"og:title\" content=\"Cookie policy - La Kiara - ehted, naiste ehted, k&otilde;rvar&otilde;ngad, Ag925 h&otilde;beehted\" \/>\n<meta property=\"og:description\" content=\"Ehted, mis jutustavad Sinu lugu! Me ei taha Sulle m\u00fc\u00fca lihtsalt ehteid. Meie soov on pakkuda Sulle emotsiooni, personaalsust ja t\u00e4hendusega ehteid. La Kiara - ajatu ilu elegantsele naisele!\" \/>\n<meta property=\"og:url\" content=\"https:\/\/lakiara.ee\/en\/cookie-policy\/\" \/>\n<meta property=\"og:site_name\" content=\"La Kiara - ehted, naiste ehted, k&otilde;rvar&otilde;ngad, Ag925 h&otilde;beehted\" \/>\n<meta property=\"article:publisher\" content=\"https:\/\/www.facebook.com\/lakiaradesign\" \/>\n<meta property=\"og:image\" content=\"https:\/\/lakiara.ee\/wp-content\/uploads\/2021\/02\/la-kiara-org-logo.png\" \/>\n\t<meta property=\"og:image:width\" content=\"1000\" \/>\n\t<meta property=\"og:image:height\" content=\"323\" \/>\n<meta name=\"twitter:card\" content=\"summary_large_image\" \/>\n<meta name=\"twitter:label1\" content=\"Est. reading time\">\n\t<meta name=\"twitter:data1\" content=\"2 minutes\">\n<script type=\"application\/ld+json\" class=\"yoast-schema-graph\">{\"@context\":\"https:\/\/schema.org\",\"@graph\":[{\"@type\":\"Organization\",\"@id\":\"https:\/\/lakiara.ee\/en\/#organization\",\"name\":\"La Kiara - ehted ja k\\u00e4ekellad\",\"url\":\"https:\/\/lakiara.ee\/en\/\",\"sameAs\":[\"https:\/\/www.facebook.com\/lakiaradesign\",\"https:\/\/www.instagram.com\/lakiara.ee\/\"],\"logo\":{\"@type\":\"ImageObject\",\"@id\":\"https:\/\/lakiara.ee\/en\/#logo\",\"inLanguage\":\"en-US\",\"url\":\"https:\/\/lakiara.ee\/wp-content\/uploads\/2020\/09\/la-kiara-org-logo.png\",\"width\":1000,\"height\":323,\"caption\":\"La Kiara - ehted ja k\\u00e4ekellad\"},\"image\":{\"@id\":\"https:\/\/lakiara.ee\/en\/#logo\"}},{\"@type\":\"WebSite\",\"@id\":\"https:\/\/lakiara.ee\/en\/#website\",\"url\":\"https:\/\/lakiara.ee\/en\/\",\"name\":\"La Kiara - Ehted ja kellad\",\"description\":\"La Kiara - Ajatu ilu kvaliteeti hindavale naisele. Ehted. K&otilde;rvar&otilde;ngad. Ag925 h&otilde;beehted. Naiste ehted. Kingitused ja kingiideed.\",\"publisher\":{\"@id\":\"https:\/\/lakiara.ee\/en\/#organization\"},\"potentialAction\":[{\"@type\":\"SearchAction\",\"target\":\"https:\/\/lakiara.ee\/en\/?s={search_term_string}\",\"query-input\":\"required name=search_term_string\"}],\"inLanguage\":\"en-US\"},{\"@type\":\"WebPage\",\"@id\":\"https:\/\/lakiara.ee\/en\/cookie-policy\/#webpage\",\"url\":\"https:\/\/lakiara.ee\/en\/cookie-policy\/\",\"name\":\"Cookie policy - La Kiara - ehted, naiste ehted, k&otilde;rvar&otilde;ngad, Ag925 h&otilde;beehted\",\"isPartOf\":{\"@id\":\"https:\/\/lakiara.ee\/en\/#website\"},\"datePublished\":\"2021-11-24T18:33:14+00:00\",\"dateModified\":\"2021-11-24T18:33:14+00:00\",\"description\":\"Ehted, mis jutustavad Sinu lugu! Me ei taha Sulle m\\u00fc\\u00fca lihtsalt ehteid. Meie soov on pakkuda Sulle emotsiooni, personaalsust ja t\\u00e4hendusega ehteid. La Kiara - ajatu ilu elegantsele naisele!\",\"breadcrumb\":{\"@id\":\"https:\/\/lakiara.ee\/en\/cookie-policy\/#breadcrumb\"},\"inLanguage\":\"en-US\",\"potentialAction\":[{\"@type\":\"ReadAction\",\"target\":[\"https:\/\/lakiara.ee\/en\/cookie-policy\/\"]}]},{\"@type\":\"BreadcrumbList\",\"@id\":\"https:\/\/lakiara.ee\/en\/cookie-policy\/#breadcrumb\",\"itemListElement\":[{\"@type\":\"ListItem\",\"position\":1,\"item\":{\"@type\":\"WebPage\",\"@id\":\"https:\/\/lakiara.ee\/en\/\",\"url\":\"https:\/\/lakiara.ee\/en\/\",\"name\":\"Home\"}},{\"@type\":\"ListItem\",\"position\":2,\"item\":{\"@type\":\"WebPage\",\"@id\":\"https:\/\/lakiara.ee\/en\/cookie-policy\/\",\"url\":\"https:\/\/lakiara.ee\/en\/cookie-policy\/\",\"name\":\"Cookie policy\"}}]}]}<\/script>\n<!-- \/ Yoast SEO Premium plugin. -->","_links":{"self":[{"href":"https:\/\/lakiara.ee\/en\/wp-json\/wp\/v2\/pages\/8310","targetHints":{"allow":["GET"]}}],"collection":[{"href":"https:\/\/lakiara.ee\/en\/wp-json\/wp\/v2\/pages"}],"about":[{"href":"https:\/\/lakiara.ee\/en\/wp-json\/wp\/v2\/types\/page"}],"author":[{"embeddable":true,"href":"https:\/\/lakiara.ee\/en\/wp-json\/wp\/v2\/users\/1166"}],"replies":[{"embeddable":true,"href":"https:\/\/lakiara.ee\/en\/wp-json\/wp\/v2\/comments?post=8310"}],"version-history":[{"count":1,"href":"https:\/\/lakiara.ee\/en\/wp-json\/wp\/v2\/pages\/8310\/revisions"}],"predecessor-version":[{"id":8311,"href":"https:\/\/lakiara.ee\/en\/wp-json\/wp\/v2\/pages\/8310\/revisions\/8311"}],"wp:attachment":[{"href":"https:\/\/lakiara.ee\/en\/wp-json\/wp\/v2\/media?parent=8310"}],"curies":[{"name":"wp","href":"https:\/\/api.w.org\/{rel}","templated":true}]}}