{"id":22408,"date":"2023-09-01T04:31:18","date_gmt":"2023-09-01T01:31:19","guid":{"rendered":"https:\/\/lakiara.ee\/?post_type=product&#038;p=22408"},"modified":"2023-09-10T17:45:47","modified_gmt":"2023-09-10T14:45:47","slug":"ehe-pink-quartz-ag925-bracelet-6mm-kopeeri-kopeeri-kopeeri-kopeeri-kopeeri-kopeeri-kopeeri-kopeeri-2","status":"publish","type":"product","link":"https:\/\/lakiara.ee\/en\/ehted\/ehe-pink-quartz-ag925-bracelet-6mm-kopeeri-kopeeri-kopeeri-kopeeri-kopeeri-kopeeri-kopeeri-kopeeri-2\/","title":{"rendered":"Engravable semi-precious bracelet, onyx, agate, quartz"},"content":{"rendered":"<div>Brand: eHe<\/div>\n<div><\/div>\n<div>Color: Blue, black, white<\/div>\n<div><\/div>\n<div>Material: stainless steel, semi-precious stones: onyx, agate, quartz<\/div>\n<div><\/div>\n<div>Women&#8217;s size: 15 &#8211; 19cm, stretchy.<\/div>\n<div><\/div>\n<div>Men&#8217;s size: 18cm \u2013 22cm, stretchy.<\/div>\n","protected":false},"excerpt":{"rendered":"<div>A timeless gift for yourself and your loved ones. A bracelet with semi-precious stones with your message.<\/div>\n<div><\/div>\n<div>Please write your desired text in the engraving box. Up to 15 characters (incl. punctuation marks). The engraving remains white on the black plate.<\/div>\n<div><\/div>\n<div>If you want engraving behind the plate (not visible), please write that wish into the engraving box.<\/div>\n<div><\/div>\n<div>Semi-precious stones: onyx, agate, quartz. Details: stainless steel. Allergy free.<\/div>\n<div><\/div>\n<div>We send the jewelry in a safe and beautiful jewelry box.<\/div>\n<div><\/div>\n<div>Pearls: 8mm.<\/div>\n<div><\/div>\n<div>Women&#8217;s size: 15 &#8211; 19cm, stretchy.<\/div>\n<div><\/div>\n<div>Men&#8217;s size: 18 \u2013 22cm, stretchy.<\/div>\n<div><\/div>\n<div>Delivery time: 1 &#8211; 3 working days.<\/div>\n","protected":false},"featured_media":22414,"template":"","meta":[],"product_cat":[197,167],"product_tag":[],"class_list":["post-22408","product","type-product","status-publish","has-post-thumbnail","hentry","product_cat-engraved-jewelry","product_cat-all-products","wcpa_has_options"],"supplier_id":null,"supplier_sku":"","barcode":null,"atum_controlled":true,"out_stock_date":null,"out_stock_threshold":null,"inheritable":true,"inbound_stock":null,"stock_on_hold":1,"sold_today":0,"sales_last_days":0,"reserved_stock":null,"customer_returns":null,"warehouse_damage":null,"lost_in_post":null,"other_logs":null,"out_stock_days":0,"lost_sales":0,"has_location":false,"update_date":"2026-04-07T21:57:56","atum_locations":[],"atum_stock_status":"instock","restock_status":false,"low_stock_amount":0,"sales_update_date":"2026-04-07T21:57:56","calc_backorders":null,"wcpa_form_fields":{"rules":{"pric_overide_base_price":false,"pric_overide_base_price_if_gt_zero":false,"pric_overide_base_price_fully":false,"pric_cal_option_once":false,"pric_use_as_fee":false,"bind_quantity":false,"quantity_bind_formula":false},"fields":[{"type":"text","required":true,"elementId":"wcpa-text-1600604142756","label":"Graveeringu tekst","description":"t\u00e4hem\u00e4rkide arvu leiad toote infost","pricingType":"fixed","name":"text-1600604142756","subtype":"text","cl_rule":"show","col":6,"relations":false,"form_id":1209,"form_rules":{"pric_cal_option_once":false,"exclude_from_discount":false,"pric_use_as_fee":false,"fee_label":"Fee","render_after_acb":false,"disp_hide_options_price":false}}]},"yoast_head":"<!-- This site is optimized with the Yoast SEO Premium plugin v15.9.1 - https:\/\/yoast.com\/wordpress\/plugins\/seo\/ -->\n<title>Engravable semi-precious bracelet, onyx, agate, quartz - La Kiara - ehted, naiste ehted, k&otilde;rvar&otilde;ngad, Ag925 h&otilde;beehted<\/title>\n<meta name=\"description\" content=\"Ehted, mis jutustavad Sinu lugu! Me ei taha Sulle m\u00fc\u00fca lihtsalt ehteid. Meie soov on pakkuda Sulle emotsiooni, personaalsust ja t\u00e4hendusega ehteid. La Kiara - ajatu ilu elegantsele naisele!\" \/>\n<link rel=\"canonical\" href=\"https:\/\/lakiara.ee\/en\/ehted\/ehe-pink-quartz-ag925-bracelet-6mm-kopeeri-kopeeri-kopeeri-kopeeri-kopeeri-kopeeri-kopeeri-kopeeri-2\/\" \/>\n<meta property=\"og:locale\" content=\"en_US\" \/>\n<meta property=\"og:type\" content=\"article\" \/>\n<meta property=\"og:title\" content=\"Engravable semi-precious bracelet, onyx, agate, quartz - La Kiara - ehted, naiste ehted, k&otilde;rvar&otilde;ngad, Ag925 h&otilde;beehted\" \/>\n<meta property=\"og:description\" content=\"Ehted, mis jutustavad Sinu lugu! Me ei taha Sulle m\u00fc\u00fca lihtsalt ehteid. Meie soov on pakkuda Sulle emotsiooni, personaalsust ja t\u00e4hendusega ehteid. La Kiara - ajatu ilu elegantsele naisele!\" \/>\n<meta property=\"og:url\" content=\"https:\/\/lakiara.ee\/en\/ehted\/ehe-pink-quartz-ag925-bracelet-6mm-kopeeri-kopeeri-kopeeri-kopeeri-kopeeri-kopeeri-kopeeri-kopeeri-2\/\" \/>\n<meta property=\"og:site_name\" content=\"La Kiara - ehted, naiste ehted, k&otilde;rvar&otilde;ngad, Ag925 h&otilde;beehted\" \/>\n<meta property=\"article:publisher\" content=\"https:\/\/www.facebook.com\/lakiaradesign\" \/>\n<meta property=\"article:modified_time\" content=\"2023-09-10T14:45:47+00:00\" \/>\n<meta property=\"og:image\" content=\"https:\/\/lakiara.ee\/wp-content\/uploads\/2023\/09\/LaKiara_kaeehe_1.jpg\" \/>\n\t<meta property=\"og:image:width\" content=\"1500\" \/>\n\t<meta property=\"og:image:height\" content=\"1000\" \/>\n<meta name=\"twitter:card\" content=\"summary_large_image\" \/>\n<meta name=\"twitter:label1\" content=\"Est. reading time\">\n\t<meta name=\"twitter:data1\" content=\"1 minute\">\n<script type=\"application\/ld+json\" class=\"yoast-schema-graph\">{\"@context\":\"https:\/\/schema.org\",\"@graph\":[{\"@type\":\"Organization\",\"@id\":\"https:\/\/lakiara.ee\/en\/#organization\",\"name\":\"La Kiara - ehted ja k\\u00e4ekellad\",\"url\":\"https:\/\/lakiara.ee\/en\/\",\"sameAs\":[\"https:\/\/www.facebook.com\/lakiaradesign\",\"https:\/\/www.instagram.com\/lakiara.ee\/\"],\"logo\":{\"@type\":\"ImageObject\",\"@id\":\"https:\/\/lakiara.ee\/en\/#logo\",\"inLanguage\":\"en-US\",\"url\":\"https:\/\/lakiara.ee\/wp-content\/uploads\/2020\/09\/la-kiara-org-logo.png\",\"width\":1000,\"height\":323,\"caption\":\"La Kiara - ehted ja k\\u00e4ekellad\"},\"image\":{\"@id\":\"https:\/\/lakiara.ee\/en\/#logo\"}},{\"@type\":\"WebSite\",\"@id\":\"https:\/\/lakiara.ee\/en\/#website\",\"url\":\"https:\/\/lakiara.ee\/en\/\",\"name\":\"La Kiara - Ehted ja kellad\",\"description\":\"La Kiara - Ajatu ilu kvaliteeti hindavale naisele. Ehted. K&otilde;rvar&otilde;ngad. Ag925 h&otilde;beehted. Naiste ehted. Kingitused ja kingiideed.\",\"publisher\":{\"@id\":\"https:\/\/lakiara.ee\/en\/#organization\"},\"potentialAction\":[{\"@type\":\"SearchAction\",\"target\":\"https:\/\/lakiara.ee\/en\/?s={search_term_string}\",\"query-input\":\"required name=search_term_string\"}],\"inLanguage\":\"en-US\"},{\"@type\":\"ImageObject\",\"@id\":\"https:\/\/lakiara.ee\/en\/ehted\/ehe-pink-quartz-ag925-bracelet-6mm-kopeeri-kopeeri-kopeeri-kopeeri-kopeeri-kopeeri-kopeeri-kopeeri-2\/#primaryimage\",\"inLanguage\":\"en-US\",\"url\":\"https:\/\/lakiara.ee\/wp-content\/uploads\/2023\/09\/LaKiara_kaeehe_1.jpg\",\"width\":1500,\"height\":1000,\"caption\":\"Poolv\\u00e4\\u00e4riskivide ja graveeringuga k\\u00e4eehe\"},{\"@type\":\"WebPage\",\"@id\":\"https:\/\/lakiara.ee\/en\/ehted\/ehe-pink-quartz-ag925-bracelet-6mm-kopeeri-kopeeri-kopeeri-kopeeri-kopeeri-kopeeri-kopeeri-kopeeri-2\/#webpage\",\"url\":\"https:\/\/lakiara.ee\/en\/ehted\/ehe-pink-quartz-ag925-bracelet-6mm-kopeeri-kopeeri-kopeeri-kopeeri-kopeeri-kopeeri-kopeeri-kopeeri-2\/\",\"name\":\"Engravable semi-precious bracelet, onyx, agate, quartz - La Kiara - ehted, naiste ehted, k&otilde;rvar&otilde;ngad, Ag925 h&otilde;beehted\",\"isPartOf\":{\"@id\":\"https:\/\/lakiara.ee\/en\/#website\"},\"primaryImageOfPage\":{\"@id\":\"https:\/\/lakiara.ee\/en\/ehted\/ehe-pink-quartz-ag925-bracelet-6mm-kopeeri-kopeeri-kopeeri-kopeeri-kopeeri-kopeeri-kopeeri-kopeeri-2\/#primaryimage\"},\"datePublished\":\"2023-09-01T01:31:19+00:00\",\"dateModified\":\"2023-09-10T14:45:47+00:00\",\"description\":\"Ehted, mis jutustavad Sinu lugu! Me ei taha Sulle m\\u00fc\\u00fca lihtsalt ehteid. Meie soov on pakkuda Sulle emotsiooni, personaalsust ja t\\u00e4hendusega ehteid. La Kiara - ajatu ilu elegantsele naisele!\",\"breadcrumb\":{\"@id\":\"https:\/\/lakiara.ee\/en\/ehted\/ehe-pink-quartz-ag925-bracelet-6mm-kopeeri-kopeeri-kopeeri-kopeeri-kopeeri-kopeeri-kopeeri-kopeeri-2\/#breadcrumb\"},\"inLanguage\":\"en-US\",\"potentialAction\":[{\"@type\":\"ReadAction\",\"target\":[\"https:\/\/lakiara.ee\/en\/ehted\/ehe-pink-quartz-ag925-bracelet-6mm-kopeeri-kopeeri-kopeeri-kopeeri-kopeeri-kopeeri-kopeeri-kopeeri-2\/\"]}]},{\"@type\":\"BreadcrumbList\",\"@id\":\"https:\/\/lakiara.ee\/en\/ehted\/ehe-pink-quartz-ag925-bracelet-6mm-kopeeri-kopeeri-kopeeri-kopeeri-kopeeri-kopeeri-kopeeri-kopeeri-2\/#breadcrumb\",\"itemListElement\":[{\"@type\":\"ListItem\",\"position\":1,\"item\":{\"@type\":\"WebPage\",\"@id\":\"https:\/\/lakiara.ee\/en\/\",\"url\":\"https:\/\/lakiara.ee\/en\/\",\"name\":\"Home\"}},{\"@type\":\"ListItem\",\"position\":2,\"item\":{\"@type\":\"WebPage\",\"@id\":\"https:\/\/lakiara.ee\/en\/shop\/\",\"url\":\"https:\/\/lakiara.ee\/en\/shop\/\",\"name\":\"Shop\"}},{\"@type\":\"ListItem\",\"position\":3,\"item\":{\"@type\":\"WebPage\",\"@id\":\"https:\/\/lakiara.ee\/en\/ehted\/ehe-pink-quartz-ag925-bracelet-6mm-kopeeri-kopeeri-kopeeri-kopeeri-kopeeri-kopeeri-kopeeri-kopeeri-2\/\",\"url\":\"https:\/\/lakiara.ee\/en\/ehted\/ehe-pink-quartz-ag925-bracelet-6mm-kopeeri-kopeeri-kopeeri-kopeeri-kopeeri-kopeeri-kopeeri-kopeeri-2\/\",\"name\":\"Engravable semi-precious bracelet, onyx, agate, quartz\"}}]}]}<\/script>\n<!-- \/ Yoast SEO Premium plugin. -->","_links":{"self":[{"href":"https:\/\/lakiara.ee\/en\/wp-json\/wp\/v2\/product\/22408","targetHints":{"allow":["GET"]}}],"collection":[{"href":"https:\/\/lakiara.ee\/en\/wp-json\/wp\/v2\/product"}],"about":[{"href":"https:\/\/lakiara.ee\/en\/wp-json\/wp\/v2\/types\/product"}],"wp:featuredmedia":[{"embeddable":true,"href":"https:\/\/lakiara.ee\/en\/wp-json\/wp\/v2\/media\/22414"}],"wp:attachment":[{"href":"https:\/\/lakiara.ee\/en\/wp-json\/wp\/v2\/media?parent=22408"}],"wp:term":[{"taxonomy":"product_cat","embeddable":true,"href":"https:\/\/lakiara.ee\/en\/wp-json\/wp\/v2\/product_cat?post=22408"},{"taxonomy":"product_tag","embeddable":true,"href":"https:\/\/lakiara.ee\/en\/wp-json\/wp\/v2\/product_tag?post=22408"}],"curies":[{"name":"wp","href":"https:\/\/api.w.org\/{rel}","templated":true}]}}