{"id":26869,"date":"2024-09-05T19:48:15","date_gmt":"2024-09-05T16:48:15","guid":{"rendered":"https:\/\/lakiara.ee\/?post_type=product&#038;p=26869"},"modified":"2024-09-21T18:07:05","modified_gmt":"2024-09-21T15:07:05","slug":"earrings-jewelry-ag925-sterling-silver-minimalist-4","status":"publish","type":"product","link":"https:\/\/lakiara.ee\/en\/ehted\/earrings-jewelry-ag925-sterling-silver-minimalist-4\/","title":{"rendered":"Ag925 sterling silver earrings with platinum plating, Double Heart."},"content":{"rendered":"<p>Ag925 sterling silver h\u00f5bedast k\u00f5rvar\u00f5ngad on vastavalt toonile kaetud j\u00e4rgnevate ehtematerjalidega:<\/p>\n<p>H\u00f5bedast tooni Ag925 k\u00f5rvar\u00f5ngad: White Rhodium, RH (katte paksus 0,2\u03bcm) v\u00f5i Platinum, PT (katte paksus 0,4\u03bcm) \u2013 valge roodiumi ja plaatinum kattega h\u00f5beehted s\u00e4ilitavad oma originaalse kvaliteedi v\u00e4ga pikka aega. Ei tumene, ei tuhmu. Vastupidavad igasugusele v\u00e4rvimuutusele. Visuaalselt veidi tumedam kui puhas h\u00f5be ja sarnaneb valgele kullale.<\/p>\n<p>Kuldset ja roosa kulla tooni Ag925 k\u00f5rvar\u00f5ngad: Ag925 h\u00f5beehe on kaetud kahekihilise 18K kuldkattega AU, roosa kulla kattega. Kullatud aluskiht + pealmine viimistluskiht tagab ehtele tugevama ning vastupidavama kuldkatte. Kullakihi paksus 0,4\u03bcm.<\/p>\n","protected":false},"excerpt":{"rendered":"<p>Ag925 sterling silver earrings with platinum plating for everyday wear<\/p>\n<p>Color: Silver<\/p>\n<p>Material: Ag925 sterling silver, platinum plating \u2013 does not fade, does not tarnish, hypoallergenic<\/p>\n<p>Dimensions: 10 x 5.4mm<\/p>\n<p>All earrings are shipped in a secure jewelry box.<\/p>\n<p>&nbsp;<\/p>\n<p>&nbsp;<\/p>\n<p>&nbsp;<\/p>\n<p>&nbsp;<\/p>\n<p>&nbsp;<\/p>\n","protected":false},"featured_media":27019,"template":"","meta":[],"product_cat":[690,693,175,167],"product_tag":[],"class_list":["post-26869","product","type-product","status-publish","has-post-thumbnail","hentry","product_cat-ag925-sterling-silver-en","product_cat-minimalist-en","product_cat-earrings","product_cat-all-products"],"supplier_id":null,"supplier_sku":"","barcode":null,"atum_controlled":true,"out_stock_date":null,"out_stock_threshold":null,"inheritable":false,"inbound_stock":null,"stock_on_hold":0,"sold_today":0,"sales_last_days":0,"reserved_stock":null,"customer_returns":null,"warehouse_damage":null,"lost_in_post":null,"other_logs":null,"out_stock_days":0,"lost_sales":0,"has_location":false,"update_date":"2026-04-07T21:59:35","atum_locations":[],"atum_stock_status":"instock","restock_status":false,"low_stock_amount":0,"sales_update_date":"2026-04-07T21:59:35","calc_backorders":null,"wcpa_form_fields":null,"yoast_head":"<!-- This site is optimized with the Yoast SEO Premium plugin v15.9.1 - https:\/\/yoast.com\/wordpress\/plugins\/seo\/ -->\n<title>Earrings, Jewelry - La Kiara - timeless beauty for the elegant woman.<\/title>\n<meta name=\"description\" content=\"La Kiara \u2013 timeless beauty for the elegant woman! Ag925 sterling silver jewelry for everyday wear. Quality you can trust.\" \/>\n<link rel=\"canonical\" href=\"https:\/\/lakiara.ee\/en\/ehted\/earrings-jewelry-ag925-sterling-silver-minimalist-4\/\" \/>\n<meta property=\"og:locale\" content=\"en_US\" \/>\n<meta property=\"og:type\" content=\"article\" \/>\n<meta property=\"og:title\" content=\"Earrings, Jewelry - La Kiara - timeless beauty for the elegant woman.\" \/>\n<meta property=\"og:description\" content=\"La Kiara \u2013 timeless beauty for the elegant woman! Ag925 sterling silver jewelry for everyday wear. Quality you can trust.\" \/>\n<meta property=\"og:url\" content=\"https:\/\/lakiara.ee\/en\/ehted\/earrings-jewelry-ag925-sterling-silver-minimalist-4\/\" \/>\n<meta property=\"og:site_name\" content=\"La Kiara - ehted, naiste ehted, k&otilde;rvar&otilde;ngad, Ag925 h&otilde;beehted\" \/>\n<meta property=\"article:publisher\" content=\"https:\/\/www.facebook.com\/lakiaradesign\" \/>\n<meta property=\"article:modified_time\" content=\"2024-09-21T15:07:05+00:00\" \/>\n<meta property=\"og:image\" content=\"https:\/\/lakiara.ee\/wp-content\/uploads\/2024\/09\/IMG_6761.jpg\" \/>\n\t<meta property=\"og:image:width\" content=\"1798\" \/>\n\t<meta property=\"og:image:height\" content=\"1648\" \/>\n<meta name=\"twitter:card\" content=\"summary_large_image\" \/>\n<meta name=\"twitter:label1\" content=\"Est. reading time\">\n\t<meta name=\"twitter:data1\" content=\"1 minute\">\n<script type=\"application\/ld+json\" class=\"yoast-schema-graph\">{\"@context\":\"https:\/\/schema.org\",\"@graph\":[{\"@type\":\"Organization\",\"@id\":\"https:\/\/lakiara.ee\/en\/#organization\",\"name\":\"La Kiara - ehted ja k\\u00e4ekellad\",\"url\":\"https:\/\/lakiara.ee\/en\/\",\"sameAs\":[\"https:\/\/www.facebook.com\/lakiaradesign\",\"https:\/\/www.instagram.com\/lakiara.ee\/\"],\"logo\":{\"@type\":\"ImageObject\",\"@id\":\"https:\/\/lakiara.ee\/en\/#logo\",\"inLanguage\":\"en-US\",\"url\":\"https:\/\/lakiara.ee\/wp-content\/uploads\/2020\/09\/la-kiara-org-logo.png\",\"width\":1000,\"height\":323,\"caption\":\"La Kiara - ehted ja k\\u00e4ekellad\"},\"image\":{\"@id\":\"https:\/\/lakiara.ee\/en\/#logo\"}},{\"@type\":\"WebSite\",\"@id\":\"https:\/\/lakiara.ee\/en\/#website\",\"url\":\"https:\/\/lakiara.ee\/en\/\",\"name\":\"La Kiara - Ehted ja kellad\",\"description\":\"La Kiara - Ajatu ilu kvaliteeti hindavale naisele. Ehted. K&otilde;rvar&otilde;ngad. Ag925 h&otilde;beehted. Naiste ehted. Kingitused ja kingiideed.\",\"publisher\":{\"@id\":\"https:\/\/lakiara.ee\/en\/#organization\"},\"potentialAction\":[{\"@type\":\"SearchAction\",\"target\":\"https:\/\/lakiara.ee\/en\/?s={search_term_string}\",\"query-input\":\"required name=search_term_string\"}],\"inLanguage\":\"en-US\"},{\"@type\":\"ImageObject\",\"@id\":\"https:\/\/lakiara.ee\/en\/ehted\/earrings-jewelry-ag925-sterling-silver-minimalist-4\/#primaryimage\",\"inLanguage\":\"en-US\",\"url\":\"https:\/\/lakiara.ee\/wp-content\/uploads\/2024\/09\/IMG_6761.jpg\",\"width\":1798,\"height\":1648,\"caption\":\"Naiste ehted\"},{\"@type\":\"WebPage\",\"@id\":\"https:\/\/lakiara.ee\/en\/ehted\/earrings-jewelry-ag925-sterling-silver-minimalist-4\/#webpage\",\"url\":\"https:\/\/lakiara.ee\/en\/ehted\/earrings-jewelry-ag925-sterling-silver-minimalist-4\/\",\"name\":\"Earrings, Jewelry - La Kiara - timeless beauty for the elegant woman.\",\"isPartOf\":{\"@id\":\"https:\/\/lakiara.ee\/en\/#website\"},\"primaryImageOfPage\":{\"@id\":\"https:\/\/lakiara.ee\/en\/ehted\/earrings-jewelry-ag925-sterling-silver-minimalist-4\/#primaryimage\"},\"datePublished\":\"2024-09-05T16:48:15+00:00\",\"dateModified\":\"2024-09-21T15:07:05+00:00\",\"description\":\"La Kiara \\u2013 timeless beauty for the elegant woman! Ag925 sterling silver jewelry for everyday wear. Quality you can trust.\",\"breadcrumb\":{\"@id\":\"https:\/\/lakiara.ee\/en\/ehted\/earrings-jewelry-ag925-sterling-silver-minimalist-4\/#breadcrumb\"},\"inLanguage\":\"en-US\",\"potentialAction\":[{\"@type\":\"ReadAction\",\"target\":[\"https:\/\/lakiara.ee\/en\/ehted\/earrings-jewelry-ag925-sterling-silver-minimalist-4\/\"]}]},{\"@type\":\"BreadcrumbList\",\"@id\":\"https:\/\/lakiara.ee\/en\/ehted\/earrings-jewelry-ag925-sterling-silver-minimalist-4\/#breadcrumb\",\"itemListElement\":[{\"@type\":\"ListItem\",\"position\":1,\"item\":{\"@type\":\"WebPage\",\"@id\":\"https:\/\/lakiara.ee\/en\/\",\"url\":\"https:\/\/lakiara.ee\/en\/\",\"name\":\"Home\"}},{\"@type\":\"ListItem\",\"position\":2,\"item\":{\"@type\":\"WebPage\",\"@id\":\"https:\/\/lakiara.ee\/en\/shop\/\",\"url\":\"https:\/\/lakiara.ee\/en\/shop\/\",\"name\":\"Shop\"}},{\"@type\":\"ListItem\",\"position\":3,\"item\":{\"@type\":\"WebPage\",\"@id\":\"https:\/\/lakiara.ee\/en\/ehted\/earrings-jewelry-ag925-sterling-silver-minimalist-4\/\",\"url\":\"https:\/\/lakiara.ee\/en\/ehted\/earrings-jewelry-ag925-sterling-silver-minimalist-4\/\",\"name\":\"Ag925 sterling silver earrings with platinum plating, Double Heart.\"}}]}]}<\/script>\n<!-- \/ Yoast SEO Premium plugin. -->","_links":{"self":[{"href":"https:\/\/lakiara.ee\/en\/wp-json\/wp\/v2\/product\/26869","targetHints":{"allow":["GET"]}}],"collection":[{"href":"https:\/\/lakiara.ee\/en\/wp-json\/wp\/v2\/product"}],"about":[{"href":"https:\/\/lakiara.ee\/en\/wp-json\/wp\/v2\/types\/product"}],"wp:featuredmedia":[{"embeddable":true,"href":"https:\/\/lakiara.ee\/en\/wp-json\/wp\/v2\/media\/27019"}],"wp:attachment":[{"href":"https:\/\/lakiara.ee\/en\/wp-json\/wp\/v2\/media?parent=26869"}],"wp:term":[{"taxonomy":"product_cat","embeddable":true,"href":"https:\/\/lakiara.ee\/en\/wp-json\/wp\/v2\/product_cat?post=26869"},{"taxonomy":"product_tag","embeddable":true,"href":"https:\/\/lakiara.ee\/en\/wp-json\/wp\/v2\/product_tag?post=26869"}],"curies":[{"name":"wp","href":"https:\/\/api.w.org\/{rel}","templated":true}]}}