{"id":26888,"date":"2024-09-05T20:13:03","date_gmt":"2024-09-05T17:13:03","guid":{"rendered":"https:\/\/lakiara.ee\/?post_type=product&#038;p=26888"},"modified":"2024-09-21T18:06:54","modified_gmt":"2024-09-21T15:06:54","slug":"ag925-sterling-silver-earrings-with-rose-gold-plating-double-circle-climber","status":"publish","type":"product","link":"https:\/\/lakiara.ee\/en\/ehted\/ag925-sterling-silver-earrings-with-rose-gold-plating-double-circle-climber\/","title":{"rendered":"Ag925 sterling silver earrings with rose gold plating, Double Circle Climber"},"content":{"rendered":"<p><strong>Ag925 sterling silver earrings are coated with the following jewelry materials depending on the tone:<\/strong><\/p>\n<p><strong>Silver-tone Ag925 earrings:<\/strong> White Rhodium, RH (coating thickness 0.2\u03bcm) or Platinum, PT (coating thickness 0.4\u03bcm) \u2013 silver jewelry with white rhodium or platinum coating retains its original quality for a very long time. It does not tarnish or fade. Resistant to any kind of color change. Visually slightly darker than pure silver and resembles white gold.<\/p>\n<p><strong>Gold and rose gold-tone Ag925 earrings:<\/strong> The Ag925 silver jewelry is coated with a two-layer 18K gold plating (AU) with a rose gold coating. The gold-plated base layer and top finishing layer ensure a stronger and more durable gold coating for the jewelry. The thickness of the gold layer is 0.4\u03bcm.<\/p>\n","protected":false},"excerpt":{"rendered":"<p><strong>Ag925 sterling silver earrings with rose gold plating for everyday wear.<\/strong><\/p>\n<p><strong>Color:<\/strong> Rose gold.<\/p>\n<p><strong>Material:<\/strong> Ag925 sterling silver, 2 x 18K rose gold plating \u2013 does not fade, does not tarnish, hypoallergenic.<\/p>\n<p><strong>Dimensions:<\/strong> 16.4 x 3.4 x 20.8mm.<\/p>\n<p>All earrings are shipped in a secure jewelry box.<\/p>\n<p>&nbsp;<\/p>\n<p>&nbsp;<\/p>\n","protected":false},"featured_media":26885,"template":"","meta":[],"product_cat":[690,693,175,167],"product_tag":[],"class_list":["post-26888","product","type-product","status-publish","has-post-thumbnail","hentry","product_cat-ag925-sterling-silver-en","product_cat-minimalist-en","product_cat-earrings","product_cat-all-products"],"supplier_id":null,"supplier_sku":"","barcode":null,"atum_controlled":true,"out_stock_date":null,"out_stock_threshold":null,"inheritable":false,"inbound_stock":null,"stock_on_hold":0,"sold_today":0,"sales_last_days":0,"reserved_stock":null,"customer_returns":null,"warehouse_damage":null,"lost_in_post":null,"other_logs":null,"out_stock_days":0,"lost_sales":0,"has_location":false,"update_date":"2026-04-07T21:59:36","atum_locations":[],"atum_stock_status":"instock","restock_status":false,"low_stock_amount":0,"sales_update_date":"2026-04-07T21:59:36","calc_backorders":null,"wcpa_form_fields":null,"yoast_head":"<!-- This site is optimized with the Yoast SEO Premium plugin v15.9.1 - https:\/\/yoast.com\/wordpress\/plugins\/seo\/ -->\n<title>Ag925 sterling silver earrings with rose gold plating, Double Circle Climber - La Kiara - ehted, naiste ehted, k&otilde;rvar&otilde;ngad, Ag925 h&otilde;beehted<\/title>\n<meta name=\"description\" content=\"Ehted, mis jutustavad Sinu lugu! Me ei taha Sulle m\u00fc\u00fca lihtsalt ehteid. Meie soov on pakkuda Sulle emotsiooni, personaalsust ja t\u00e4hendusega ehteid. La Kiara - ajatu ilu elegantsele naisele!\" \/>\n<link rel=\"canonical\" href=\"https:\/\/lakiara.ee\/en\/ehted\/ag925-sterling-silver-earrings-with-rose-gold-plating-double-circle-climber\/\" \/>\n<meta property=\"og:locale\" content=\"en_US\" \/>\n<meta property=\"og:type\" content=\"article\" \/>\n<meta property=\"og:title\" content=\"Ag925 sterling silver earrings with rose gold plating, Double Circle Climber - La Kiara - ehted, naiste ehted, k&otilde;rvar&otilde;ngad, Ag925 h&otilde;beehted\" \/>\n<meta property=\"og:description\" content=\"Ehted, mis jutustavad Sinu lugu! Me ei taha Sulle m\u00fc\u00fca lihtsalt ehteid. Meie soov on pakkuda Sulle emotsiooni, personaalsust ja t\u00e4hendusega ehteid. La Kiara - ajatu ilu elegantsele naisele!\" \/>\n<meta property=\"og:url\" content=\"https:\/\/lakiara.ee\/en\/ehted\/ag925-sterling-silver-earrings-with-rose-gold-plating-double-circle-climber\/\" \/>\n<meta property=\"og:site_name\" content=\"La Kiara - ehted, naiste ehted, k&otilde;rvar&otilde;ngad, Ag925 h&otilde;beehted\" \/>\n<meta property=\"article:publisher\" content=\"https:\/\/www.facebook.com\/lakiaradesign\" \/>\n<meta property=\"article:modified_time\" content=\"2024-09-21T15:06:54+00:00\" \/>\n<meta property=\"og:image\" content=\"https:\/\/lakiara.ee\/wp-content\/uploads\/2024\/09\/IMG_6649.jpg\" \/>\n\t<meta property=\"og:image:width\" content=\"1787\" \/>\n\t<meta property=\"og:image:height\" content=\"1674\" \/>\n<meta name=\"twitter:card\" content=\"summary_large_image\" \/>\n<meta name=\"twitter:label1\" content=\"Est. reading time\">\n\t<meta name=\"twitter:data1\" content=\"1 minute\">\n<script type=\"application\/ld+json\" class=\"yoast-schema-graph\">{\"@context\":\"https:\/\/schema.org\",\"@graph\":[{\"@type\":\"Organization\",\"@id\":\"https:\/\/lakiara.ee\/en\/#organization\",\"name\":\"La Kiara - ehted ja k\\u00e4ekellad\",\"url\":\"https:\/\/lakiara.ee\/en\/\",\"sameAs\":[\"https:\/\/www.facebook.com\/lakiaradesign\",\"https:\/\/www.instagram.com\/lakiara.ee\/\"],\"logo\":{\"@type\":\"ImageObject\",\"@id\":\"https:\/\/lakiara.ee\/en\/#logo\",\"inLanguage\":\"en-US\",\"url\":\"https:\/\/lakiara.ee\/wp-content\/uploads\/2020\/09\/la-kiara-org-logo.png\",\"width\":1000,\"height\":323,\"caption\":\"La Kiara - ehted ja k\\u00e4ekellad\"},\"image\":{\"@id\":\"https:\/\/lakiara.ee\/en\/#logo\"}},{\"@type\":\"WebSite\",\"@id\":\"https:\/\/lakiara.ee\/en\/#website\",\"url\":\"https:\/\/lakiara.ee\/en\/\",\"name\":\"La Kiara - Ehted ja kellad\",\"description\":\"La Kiara - Ajatu ilu kvaliteeti hindavale naisele. Ehted. K&otilde;rvar&otilde;ngad. Ag925 h&otilde;beehted. Naiste ehted. Kingitused ja kingiideed.\",\"publisher\":{\"@id\":\"https:\/\/lakiara.ee\/en\/#organization\"},\"potentialAction\":[{\"@type\":\"SearchAction\",\"target\":\"https:\/\/lakiara.ee\/en\/?s={search_term_string}\",\"query-input\":\"required name=search_term_string\"}],\"inLanguage\":\"en-US\"},{\"@type\":\"ImageObject\",\"@id\":\"https:\/\/lakiara.ee\/en\/ehted\/ag925-sterling-silver-earrings-with-rose-gold-plating-double-circle-climber\/#primaryimage\",\"inLanguage\":\"en-US\",\"url\":\"https:\/\/lakiara.ee\/wp-content\/uploads\/2024\/09\/IMG_6649.jpg\",\"width\":1787,\"height\":1674,\"caption\":\"Double Circle Climber k\\u00f5rvar\\u00f5ngad\"},{\"@type\":\"WebPage\",\"@id\":\"https:\/\/lakiara.ee\/en\/ehted\/ag925-sterling-silver-earrings-with-rose-gold-plating-double-circle-climber\/#webpage\",\"url\":\"https:\/\/lakiara.ee\/en\/ehted\/ag925-sterling-silver-earrings-with-rose-gold-plating-double-circle-climber\/\",\"name\":\"Ag925 sterling silver earrings with rose gold plating, Double Circle Climber - La Kiara - ehted, naiste ehted, k&otilde;rvar&otilde;ngad, Ag925 h&otilde;beehted\",\"isPartOf\":{\"@id\":\"https:\/\/lakiara.ee\/en\/#website\"},\"primaryImageOfPage\":{\"@id\":\"https:\/\/lakiara.ee\/en\/ehted\/ag925-sterling-silver-earrings-with-rose-gold-plating-double-circle-climber\/#primaryimage\"},\"datePublished\":\"2024-09-05T17:13:03+00:00\",\"dateModified\":\"2024-09-21T15:06:54+00:00\",\"description\":\"Ehted, mis jutustavad Sinu lugu! Me ei taha Sulle m\\u00fc\\u00fca lihtsalt ehteid. Meie soov on pakkuda Sulle emotsiooni, personaalsust ja t\\u00e4hendusega ehteid. La Kiara - ajatu ilu elegantsele naisele!\",\"breadcrumb\":{\"@id\":\"https:\/\/lakiara.ee\/en\/ehted\/ag925-sterling-silver-earrings-with-rose-gold-plating-double-circle-climber\/#breadcrumb\"},\"inLanguage\":\"en-US\",\"potentialAction\":[{\"@type\":\"ReadAction\",\"target\":[\"https:\/\/lakiara.ee\/en\/ehted\/ag925-sterling-silver-earrings-with-rose-gold-plating-double-circle-climber\/\"]}]},{\"@type\":\"BreadcrumbList\",\"@id\":\"https:\/\/lakiara.ee\/en\/ehted\/ag925-sterling-silver-earrings-with-rose-gold-plating-double-circle-climber\/#breadcrumb\",\"itemListElement\":[{\"@type\":\"ListItem\",\"position\":1,\"item\":{\"@type\":\"WebPage\",\"@id\":\"https:\/\/lakiara.ee\/en\/\",\"url\":\"https:\/\/lakiara.ee\/en\/\",\"name\":\"Home\"}},{\"@type\":\"ListItem\",\"position\":2,\"item\":{\"@type\":\"WebPage\",\"@id\":\"https:\/\/lakiara.ee\/en\/shop\/\",\"url\":\"https:\/\/lakiara.ee\/en\/shop\/\",\"name\":\"Shop\"}},{\"@type\":\"ListItem\",\"position\":3,\"item\":{\"@type\":\"WebPage\",\"@id\":\"https:\/\/lakiara.ee\/en\/ehted\/ag925-sterling-silver-earrings-with-rose-gold-plating-double-circle-climber\/\",\"url\":\"https:\/\/lakiara.ee\/en\/ehted\/ag925-sterling-silver-earrings-with-rose-gold-plating-double-circle-climber\/\",\"name\":\"Ag925 sterling silver earrings with rose gold plating, Double Circle Climber\"}}]}]}<\/script>\n<!-- \/ Yoast SEO Premium plugin. -->","_links":{"self":[{"href":"https:\/\/lakiara.ee\/en\/wp-json\/wp\/v2\/product\/26888","targetHints":{"allow":["GET"]}}],"collection":[{"href":"https:\/\/lakiara.ee\/en\/wp-json\/wp\/v2\/product"}],"about":[{"href":"https:\/\/lakiara.ee\/en\/wp-json\/wp\/v2\/types\/product"}],"wp:featuredmedia":[{"embeddable":true,"href":"https:\/\/lakiara.ee\/en\/wp-json\/wp\/v2\/media\/26885"}],"wp:attachment":[{"href":"https:\/\/lakiara.ee\/en\/wp-json\/wp\/v2\/media?parent=26888"}],"wp:term":[{"taxonomy":"product_cat","embeddable":true,"href":"https:\/\/lakiara.ee\/en\/wp-json\/wp\/v2\/product_cat?post=26888"},{"taxonomy":"product_tag","embeddable":true,"href":"https:\/\/lakiara.ee\/en\/wp-json\/wp\/v2\/product_tag?post=26888"}],"curies":[{"name":"wp","href":"https:\/\/api.w.org\/{rel}","templated":true}]}}