{"id":6862,"date":"2021-10-03T10:19:10","date_gmt":"2021-10-03T10:19:10","guid":{"rendered":"https:\/\/lakiara.ee\/ehted\/ehe-ag925-earrings-invest-in-yourself\/"},"modified":"2021-12-07T09:54:44","modified_gmt":"2021-12-07T09:54:44","slug":"ehe-ag925-earrings-invest-in-yourself","status":"publish","type":"product","link":"https:\/\/lakiara.ee\/en\/ehted\/ehe-ag925-earrings-invest-in-yourself\/","title":{"rendered":"eHe Ag925 earrings Invest In Yourself"},"content":{"rendered":"<table class=\"woocommerce-product-attributes shop_attributes\" style=\"height: 130px;\" width=\"358\">\n<tbody>\n<tr class=\"woocommerce-product-attributes-item woocommerce-product-attributes-item--attribute_pa_brand\">\n<th class=\"woocommerce-product-attributes-item__label\">BRAND<\/th>\n<td class=\"woocommerce-product-attributes-item__value\">eHe<\/td>\n<\/tr>\n<tr class=\"woocommerce-product-attributes-item woocommerce-product-attributes-item--attribute_pa_color\">\n<th class=\"woocommerce-product-attributes-item__label\">COLOUR<\/th>\n<td class=\"woocommerce-product-attributes-item__value\">Grey<\/td>\n<\/tr>\n<tr class=\"woocommerce-product-attributes-item woocommerce-product-attributes-item--attribute_pa_material\">\n<th class=\"woocommerce-product-attributes-item__label\">MATERIAL<\/th>\n<td class=\"woocommerce-product-attributes-item__value\">Ag925, wood<\/td>\n<\/tr>\n<tr class=\"woocommerce-product-attributes-item woocommerce-product-attributes-item--attribute_pa_size\">\n<th class=\"woocommerce-product-attributes-item__label\"><b>DIMENSIONS \/ WEIGHT<\/b><\/th>\n<td class=\"woocommerce-product-attributes-item__value\">19 x 30mm; 2 grams<\/td>\n<\/tr>\n<\/tbody>\n<\/table>\n<p>eHe jewelery is a wonderful creation of the talented Estonian jewelry master &#8211; Heret, with more than 10 years of experience. Natural and high-quality materials, a beautiful play of colors and shapes, uniqueness and distinctiveness are the main keywords of eHe jewelry. The materials are mainly wood, clay and sterling silver (Ag925 sample). All earrings come with behind the ear attachments that are tailored to the right shape and size (with different size &#8211; transparent or silver butterfly fasteners). The high quality behind-ear fasteners guarantee that the earring stays in the right position and firmly in place. All eHe earrings represented in La Kiara online store are made on custom order and these models are only available in the La Kiara e-shop. All eHe jewelry will reach you in a beautiful and safe jewelry box. eHe jewelry is a feminine, stylish and special gift for women of all ages, with a friendly price \u2665<\/p>\n","protected":false},"excerpt":{"rendered":"<p>Material: Ag925 sterling silver, wood, handmade lightweight jewelry.<\/p>\n<p>Effective structural surface. Dimensions: 19x30mm; 2g.<\/p>\n<p>Delivery time: 1 &#8211; 2 working days + shipping. Fastest shipping SmartPost (1 working day).<\/p>\n<p>Each pair of eHe earrings come with the right size, transparent or Ag925 silver, behind the ear butterfly earring attachment. The size of the included attachment guarantees that the earring stays in the correct position in ear. For example it does not pull itself down or turn in ear. Each pair of eHe earrings is unique and handmade. For this reason, the color patterns may differ slightly from those shown in the product image.<\/p>\n<p>All eHe jewelry is packed in a beautiful and secure jewelry box. For those special occasions, it also serves as a perfect gift.<\/p>\n","protected":false},"featured_media":6973,"template":"","meta":[],"product_cat":[175,167],"product_tag":[],"class_list":["post-6862","product","type-product","status-publish","has-post-thumbnail","hentry","product_cat-earrings","product_cat-all-products"],"supplier_id":null,"supplier_sku":"","barcode":null,"atum_controlled":true,"out_stock_date":"2026-03-22 09:06:29","out_stock_threshold":null,"inheritable":false,"inbound_stock":0,"stock_on_hold":0,"sold_today":0,"sales_last_days":0,"reserved_stock":0,"customer_returns":0,"warehouse_damage":0,"lost_in_post":0,"other_logs":0,"out_stock_days":16,"lost_sales":0,"has_location":false,"update_date":"2026-04-07T21:58:21","atum_locations":[],"atum_stock_status":"outofstock","restock_status":false,"low_stock_amount":0,"sales_update_date":"2026-04-07T21:58:21","calc_backorders":null,"wcpa_form_fields":null,"yoast_head":"<!-- This site is optimized with the Yoast SEO Premium plugin v15.9.1 - https:\/\/yoast.com\/wordpress\/plugins\/seo\/ -->\n<title>eHe Ag925 earrings Invest In Yourself - La Kiara - ehted, naiste ehted, k&otilde;rvar&otilde;ngad, Ag925 h&otilde;beehted<\/title>\n<meta name=\"description\" content=\"Ehted, mis jutustavad Sinu lugu! Me ei taha Sulle m\u00fc\u00fca lihtsalt ehteid. Meie soov on pakkuda Sulle emotsiooni, personaalsust ja t\u00e4hendusega ehteid. La Kiara - ajatu ilu elegantsele naisele!\" \/>\n<link rel=\"canonical\" href=\"https:\/\/lakiara.ee\/en\/ehted\/ehe-ag925-earrings-invest-in-yourself\/\" \/>\n<meta property=\"og:locale\" content=\"en_US\" \/>\n<meta property=\"og:type\" content=\"article\" \/>\n<meta property=\"og:title\" content=\"eHe Ag925 earrings Invest In Yourself - La Kiara - ehted, naiste ehted, k&otilde;rvar&otilde;ngad, Ag925 h&otilde;beehted\" \/>\n<meta property=\"og:description\" content=\"Ehted, mis jutustavad Sinu lugu! Me ei taha Sulle m\u00fc\u00fca lihtsalt ehteid. Meie soov on pakkuda Sulle emotsiooni, personaalsust ja t\u00e4hendusega ehteid. La Kiara - ajatu ilu elegantsele naisele!\" \/>\n<meta property=\"og:url\" content=\"https:\/\/lakiara.ee\/en\/ehted\/ehe-ag925-earrings-invest-in-yourself\/\" \/>\n<meta property=\"og:site_name\" content=\"La Kiara - ehted, naiste ehted, k&otilde;rvar&otilde;ngad, Ag925 h&otilde;beehted\" \/>\n<meta property=\"article:publisher\" content=\"https:\/\/www.facebook.com\/lakiaradesign\" \/>\n<meta property=\"article:modified_time\" content=\"2021-12-07T09:54:44+00:00\" \/>\n<meta property=\"og:image\" content=\"https:\/\/lakiara.ee\/wp-content\/uploads\/2021\/10\/DSC07232-Edit.jpg\" \/>\n\t<meta property=\"og:image:width\" content=\"1024\" \/>\n\t<meta property=\"og:image:height\" content=\"1536\" \/>\n<meta name=\"twitter:card\" content=\"summary_large_image\" \/>\n<meta name=\"twitter:label1\" content=\"Est. reading time\">\n\t<meta name=\"twitter:data1\" content=\"1 minute\">\n<script type=\"application\/ld+json\" class=\"yoast-schema-graph\">{\"@context\":\"https:\/\/schema.org\",\"@graph\":[{\"@type\":\"Organization\",\"@id\":\"https:\/\/lakiara.ee\/en\/#organization\",\"name\":\"La Kiara - ehted ja k\\u00e4ekellad\",\"url\":\"https:\/\/lakiara.ee\/en\/\",\"sameAs\":[\"https:\/\/www.facebook.com\/lakiaradesign\",\"https:\/\/www.instagram.com\/lakiara.ee\/\"],\"logo\":{\"@type\":\"ImageObject\",\"@id\":\"https:\/\/lakiara.ee\/en\/#logo\",\"inLanguage\":\"en-US\",\"url\":\"https:\/\/lakiara.ee\/wp-content\/uploads\/2020\/09\/la-kiara-org-logo.png\",\"width\":1000,\"height\":323,\"caption\":\"La Kiara - ehted ja k\\u00e4ekellad\"},\"image\":{\"@id\":\"https:\/\/lakiara.ee\/en\/#logo\"}},{\"@type\":\"WebSite\",\"@id\":\"https:\/\/lakiara.ee\/en\/#website\",\"url\":\"https:\/\/lakiara.ee\/en\/\",\"name\":\"La Kiara - Ehted ja kellad\",\"description\":\"La Kiara - Ajatu ilu kvaliteeti hindavale naisele. Ehted. K&otilde;rvar&otilde;ngad. Ag925 h&otilde;beehted. Naiste ehted. Kingitused ja kingiideed.\",\"publisher\":{\"@id\":\"https:\/\/lakiara.ee\/en\/#organization\"},\"potentialAction\":[{\"@type\":\"SearchAction\",\"target\":\"https:\/\/lakiara.ee\/en\/?s={search_term_string}\",\"query-input\":\"required name=search_term_string\"}],\"inLanguage\":\"en-US\"},{\"@type\":\"ImageObject\",\"@id\":\"https:\/\/lakiara.ee\/en\/ehted\/ehe-ag925-earrings-invest-in-yourself\/#primaryimage\",\"inLanguage\":\"en-US\",\"url\":\"https:\/\/lakiara.ee\/wp-content\/uploads\/2021\/10\/DSC07232-Edit.jpg\",\"width\":1024,\"height\":1536,\"caption\":\"Women's jewelry\"},{\"@type\":\"WebPage\",\"@id\":\"https:\/\/lakiara.ee\/en\/ehted\/ehe-ag925-earrings-invest-in-yourself\/#webpage\",\"url\":\"https:\/\/lakiara.ee\/en\/ehted\/ehe-ag925-earrings-invest-in-yourself\/\",\"name\":\"eHe Ag925 earrings Invest In Yourself - La Kiara - ehted, naiste ehted, k&otilde;rvar&otilde;ngad, Ag925 h&otilde;beehted\",\"isPartOf\":{\"@id\":\"https:\/\/lakiara.ee\/en\/#website\"},\"primaryImageOfPage\":{\"@id\":\"https:\/\/lakiara.ee\/en\/ehted\/ehe-ag925-earrings-invest-in-yourself\/#primaryimage\"},\"datePublished\":\"2021-10-03T10:19:10+00:00\",\"dateModified\":\"2021-12-07T09:54:44+00:00\",\"description\":\"Ehted, mis jutustavad Sinu lugu! Me ei taha Sulle m\\u00fc\\u00fca lihtsalt ehteid. Meie soov on pakkuda Sulle emotsiooni, personaalsust ja t\\u00e4hendusega ehteid. La Kiara - ajatu ilu elegantsele naisele!\",\"breadcrumb\":{\"@id\":\"https:\/\/lakiara.ee\/en\/ehted\/ehe-ag925-earrings-invest-in-yourself\/#breadcrumb\"},\"inLanguage\":\"en-US\",\"potentialAction\":[{\"@type\":\"ReadAction\",\"target\":[\"https:\/\/lakiara.ee\/en\/ehted\/ehe-ag925-earrings-invest-in-yourself\/\"]}]},{\"@type\":\"BreadcrumbList\",\"@id\":\"https:\/\/lakiara.ee\/en\/ehted\/ehe-ag925-earrings-invest-in-yourself\/#breadcrumb\",\"itemListElement\":[{\"@type\":\"ListItem\",\"position\":1,\"item\":{\"@type\":\"WebPage\",\"@id\":\"https:\/\/lakiara.ee\/en\/\",\"url\":\"https:\/\/lakiara.ee\/en\/\",\"name\":\"Home\"}},{\"@type\":\"ListItem\",\"position\":2,\"item\":{\"@type\":\"WebPage\",\"@id\":\"https:\/\/lakiara.ee\/en\/shop\/\",\"url\":\"https:\/\/lakiara.ee\/en\/shop\/\",\"name\":\"Shop\"}},{\"@type\":\"ListItem\",\"position\":3,\"item\":{\"@type\":\"WebPage\",\"@id\":\"https:\/\/lakiara.ee\/en\/ehted\/ehe-ag925-earrings-invest-in-yourself\/\",\"url\":\"https:\/\/lakiara.ee\/en\/ehted\/ehe-ag925-earrings-invest-in-yourself\/\",\"name\":\"eHe Ag925 earrings Invest In Yourself\"}}]}]}<\/script>\n<!-- \/ Yoast SEO Premium plugin. -->","_links":{"self":[{"href":"https:\/\/lakiara.ee\/en\/wp-json\/wp\/v2\/product\/6862","targetHints":{"allow":["GET"]}}],"collection":[{"href":"https:\/\/lakiara.ee\/en\/wp-json\/wp\/v2\/product"}],"about":[{"href":"https:\/\/lakiara.ee\/en\/wp-json\/wp\/v2\/types\/product"}],"wp:featuredmedia":[{"embeddable":true,"href":"https:\/\/lakiara.ee\/en\/wp-json\/wp\/v2\/media\/6973"}],"wp:attachment":[{"href":"https:\/\/lakiara.ee\/en\/wp-json\/wp\/v2\/media?parent=6862"}],"wp:term":[{"taxonomy":"product_cat","embeddable":true,"href":"https:\/\/lakiara.ee\/en\/wp-json\/wp\/v2\/product_cat?post=6862"},{"taxonomy":"product_tag","embeddable":true,"href":"https:\/\/lakiara.ee\/en\/wp-json\/wp\/v2\/product_tag?post=6862"}],"curies":[{"name":"wp","href":"https:\/\/api.w.org\/{rel}","templated":true}]}}