{"id":7857,"date":"2020-09-17T09:39:43","date_gmt":"2020-09-17T09:39:43","guid":{"rendered":"https:\/\/lakiara.ee\/ehted\/ducett-luxe-bundle-watch-and-bracelet-golden\/"},"modified":"2024-03-13T18:46:52","modified_gmt":"2024-03-13T15:46:52","slug":"ducett-luxe-bundle-watch-and-bracelet-golden","status":"publish","type":"product","link":"https:\/\/lakiara.ee\/en\/ehted\/ducett-luxe-bundle-watch-and-bracelet-golden\/","title":{"rendered":"DUCETT LUXE BUNDLE: WATCH AND BRACELET GOLDEN"},"content":{"rendered":"<p>BRACELET DETAILS:<\/p>\n<table class=\"woocommerce-product-attributes shop_attributes\">\n<tbody>\n<tr class=\"woocommerce-product-attributes-item woocommerce-product-attributes-item--attribute_pa_brand\">\n<th class=\"woocommerce-product-attributes-item__label\">BRAND<\/th>\n<td class=\"woocommerce-product-attributes-item__value\">DUCETT<\/td>\n<\/tr>\n<tr class=\"woocommerce-product-attributes-item woocommerce-product-attributes-item--attribute_pa_size\">\n<th class=\"woocommerce-product-attributes-item__label\">DIAMETER<\/th>\n<td class=\"woocommerce-product-attributes-item__value\">36MM<\/td>\n<\/tr>\n<tr class=\"woocommerce-product-attributes-item woocommerce-product-attributes-item--attribute_pa_width\">\n<th class=\"woocommerce-product-attributes-item__label\">STRAP WIDTH<\/th>\n<td class=\"woocommerce-product-attributes-item__value\">18MM<\/td>\n<\/tr>\n<tr class=\"woocommerce-product-attributes-item woocommerce-product-attributes-item--attribute_pa_color\">\n<th class=\"woocommerce-product-attributes-item__label\">COLOR<\/th>\n<td class=\"woocommerce-product-attributes-item__value\">GOLDEN<\/td>\n<\/tr>\n<tr class=\"woocommerce-product-attributes-item woocommerce-product-attributes-item--attribute_pa_dial-color\">\n<th class=\"woocommerce-product-attributes-item__label\">DIAL BACKPLATE<\/th>\n<td class=\"woocommerce-product-attributes-item__value\">BLACK<\/td>\n<\/tr>\n<tr class=\"woocommerce-product-attributes-item woocommerce-product-attributes-item--attribute_pa_material\">\n<th class=\"woocommerce-product-attributes-item__label\">MATERIAL<\/th>\n<td class=\"woocommerce-product-attributes-item__value\">STAINLESS STEEL 316L<\/td>\n<\/tr>\n<tr class=\"woocommerce-product-attributes-item woocommerce-product-attributes-item--attribute_pa_glass\">\n<th class=\"woocommerce-product-attributes-item__label\">GLASS<\/th>\n<td class=\"woocommerce-product-attributes-item__value\">SAPPHIRE GLASS<\/td>\n<\/tr>\n<tr class=\"woocommerce-product-attributes-item woocommerce-product-attributes-item--attribute_pa_movement\">\n<th class=\"woocommerce-product-attributes-item__label\">WATCH MECHANICS<\/th>\n<td class=\"woocommerce-product-attributes-item__value\">JAPANESE MANUFACTURING<\/td>\n<\/tr>\n<tr class=\"woocommerce-product-attributes-item woocommerce-product-attributes-item--attribute_pa_water-resistance\">\n<th class=\"woocommerce-product-attributes-item__label\">WATERPROOF<\/th>\n<td class=\"woocommerce-product-attributes-item__value\">3 ATM<\/td>\n<\/tr>\n<tr class=\"woocommerce-product-attributes-item woocommerce-product-attributes-item--attribute_pa_warranty\">\n<th class=\"woocommerce-product-attributes-item__label\">WARRANTY<\/th>\n<td class=\"woocommerce-product-attributes-item__value\">2 YEARS<\/td>\n<\/tr>\n<\/tbody>\n<\/table>\n<p>YOUR STORY BRACELET:<\/p>\n<table class=\"woocommerce-product-attributes shop_attributes\">\n<tbody>\n<tr class=\"woocommerce-product-attributes-item woocommerce-product-attributes-item--attribute_pa_brand\">\n<th class=\"woocommerce-product-attributes-item__label\">BRAND<\/th>\n<td class=\"woocommerce-product-attributes-item__value\">DUCETT<\/td>\n<\/tr>\n<tr class=\"woocommerce-product-attributes-item woocommerce-product-attributes-item--attribute_pa_color\">\n<th class=\"woocommerce-product-attributes-item__label\">COLOR<\/th>\n<td class=\"woocommerce-product-attributes-item__value\">GOLDEN<\/td>\n<\/tr>\n<tr class=\"woocommerce-product-attributes-item woocommerce-product-attributes-item--attribute_pa_material\">\n<th class=\"woocommerce-product-attributes-item__label\">MATERIAL<\/th>\n<td class=\"woocommerce-product-attributes-item__value\">STAINLESS STEEL 316L<\/td>\n<\/tr>\n<tr class=\"woocommerce-product-attributes-item woocommerce-product-attributes-item--attribute_pa_size\">\n<th class=\"woocommerce-product-attributes-item__label\">SIZE<\/th>\n<td class=\"woocommerce-product-attributes-item__value\">UP TO 22.5CM<\/td>\n<\/tr>\n<\/tbody>\n<\/table>\n<p>316L is a surgical grade stainless steel. Although not considered a precious metal, it is much more durable than silver or platinum. It also makes the jewelry durable and affordable. 316L Stainless Steel does not rust, stain, fade, stain your skin or corrode.<\/p>\n","protected":false},"excerpt":{"rendered":"<div>Wonderful and perfectly matching gift set: Ducett Luxe watch and Your Story bracelet.<\/div>\n<div><\/div>\n<div>The bracelet comes with two free decorative details as illustrated on the picture.<\/div>\n","protected":false},"featured_media":7797,"template":"","meta":[],"product_cat":[172,191,174,167],"product_tag":[169,168,198,190,170,171],"class_list":["post-7857","product","type-product","status-publish","has-post-thumbnail","hentry","product_cat-brand-ducett-netherlands","product_cat-ducett-watches-sets","product_cat-bracelets","product_cat-all-products","product_tag-bracelets","product_tag-ducett-en","product_tag-sets","product_tag-watches","product_tag-womens-jewelry","product_tag-your-story"],"supplier_id":null,"supplier_sku":"","barcode":null,"atum_controlled":true,"out_stock_date":null,"out_stock_threshold":null,"inheritable":false,"inbound_stock":0,"stock_on_hold":0,"sold_today":0,"sales_last_days":0,"reserved_stock":0,"customer_returns":0,"warehouse_damage":0,"lost_in_post":0,"other_logs":0,"out_stock_days":0,"lost_sales":0,"has_location":false,"update_date":"2026-04-07T21:56:50","atum_locations":[],"atum_stock_status":"onbackorder","restock_status":false,"low_stock_amount":"","sales_update_date":"2026-04-07T21:56:49","calc_backorders":-1,"wcpa_form_fields":null,"yoast_head":"<!-- This site is optimized with the Yoast SEO Premium plugin v15.9.1 - https:\/\/yoast.com\/wordpress\/plugins\/seo\/ -->\n<title>DUCETT LUXE BUNDLE: WATCH AND BRACELET GOLDEN - La Kiara - ehted, naiste ehted, k&otilde;rvar&otilde;ngad, Ag925 h&otilde;beehted<\/title>\n<meta name=\"description\" content=\"Ehted, mis jutustavad Sinu lugu! Me ei taha Sulle m\u00fc\u00fca lihtsalt ehteid. Meie soov on pakkuda Sulle emotsiooni, personaalsust ja t\u00e4hendusega ehteid. La Kiara - ajatu ilu elegantsele naisele!\" \/>\n<link rel=\"canonical\" href=\"https:\/\/lakiara.ee\/en\/ehted\/ducett-luxe-bundle-watch-and-bracelet-golden\/\" \/>\n<meta property=\"og:locale\" content=\"en_US\" \/>\n<meta property=\"og:type\" content=\"article\" \/>\n<meta property=\"og:title\" content=\"DUCETT LUXE BUNDLE: WATCH AND BRACELET GOLDEN - La Kiara - ehted, naiste ehted, k&otilde;rvar&otilde;ngad, Ag925 h&otilde;beehted\" \/>\n<meta property=\"og:description\" content=\"Ehted, mis jutustavad Sinu lugu! Me ei taha Sulle m\u00fc\u00fca lihtsalt ehteid. Meie soov on pakkuda Sulle emotsiooni, personaalsust ja t\u00e4hendusega ehteid. La Kiara - ajatu ilu elegantsele naisele!\" \/>\n<meta property=\"og:url\" content=\"https:\/\/lakiara.ee\/en\/ehted\/ducett-luxe-bundle-watch-and-bracelet-golden\/\" \/>\n<meta property=\"og:site_name\" content=\"La Kiara - ehted, naiste ehted, k&otilde;rvar&otilde;ngad, Ag925 h&otilde;beehted\" \/>\n<meta property=\"article:publisher\" content=\"https:\/\/www.facebook.com\/lakiaradesign\" \/>\n<meta property=\"article:modified_time\" content=\"2024-03-13T15:46:52+00:00\" \/>\n<meta property=\"og:image\" content=\"https:\/\/lakiara.ee\/wp-content\/uploads\/2020\/09\/Job_5322-gg.jpg\" \/>\n\t<meta property=\"og:image:width\" content=\"640\" \/>\n\t<meta property=\"og:image:height\" content=\"640\" \/>\n<meta name=\"twitter:card\" content=\"summary_large_image\" \/>\n<script type=\"application\/ld+json\" class=\"yoast-schema-graph\">{\"@context\":\"https:\/\/schema.org\",\"@graph\":[{\"@type\":\"Organization\",\"@id\":\"https:\/\/lakiara.ee\/en\/#organization\",\"name\":\"La Kiara - ehted ja k\\u00e4ekellad\",\"url\":\"https:\/\/lakiara.ee\/en\/\",\"sameAs\":[\"https:\/\/www.facebook.com\/lakiaradesign\",\"https:\/\/www.instagram.com\/lakiara.ee\/\"],\"logo\":{\"@type\":\"ImageObject\",\"@id\":\"https:\/\/lakiara.ee\/en\/#logo\",\"inLanguage\":\"en-US\",\"url\":\"https:\/\/lakiara.ee\/wp-content\/uploads\/2020\/09\/la-kiara-org-logo.png\",\"width\":1000,\"height\":323,\"caption\":\"La Kiara - ehted ja k\\u00e4ekellad\"},\"image\":{\"@id\":\"https:\/\/lakiara.ee\/en\/#logo\"}},{\"@type\":\"WebSite\",\"@id\":\"https:\/\/lakiara.ee\/en\/#website\",\"url\":\"https:\/\/lakiara.ee\/en\/\",\"name\":\"La Kiara - Ehted ja kellad\",\"description\":\"La Kiara - Ajatu ilu kvaliteeti hindavale naisele. Ehted. K&otilde;rvar&otilde;ngad. Ag925 h&otilde;beehted. Naiste ehted. Kingitused ja kingiideed.\",\"publisher\":{\"@id\":\"https:\/\/lakiara.ee\/en\/#organization\"},\"potentialAction\":[{\"@type\":\"SearchAction\",\"target\":\"https:\/\/lakiara.ee\/en\/?s={search_term_string}\",\"query-input\":\"required name=search_term_string\"}],\"inLanguage\":\"en-US\"},{\"@type\":\"ImageObject\",\"@id\":\"https:\/\/lakiara.ee\/en\/ehted\/ducett-luxe-bundle-watch-and-bracelet-golden\/#primaryimage\",\"inLanguage\":\"en-US\",\"url\":\"https:\/\/lakiara.ee\/wp-content\/uploads\/2020\/09\/Job_5322-gg.jpg\",\"width\":640,\"height\":640},{\"@type\":\"WebPage\",\"@id\":\"https:\/\/lakiara.ee\/en\/ehted\/ducett-luxe-bundle-watch-and-bracelet-golden\/#webpage\",\"url\":\"https:\/\/lakiara.ee\/en\/ehted\/ducett-luxe-bundle-watch-and-bracelet-golden\/\",\"name\":\"DUCETT LUXE BUNDLE: WATCH AND BRACELET GOLDEN - La Kiara - ehted, naiste ehted, k&otilde;rvar&otilde;ngad, Ag925 h&otilde;beehted\",\"isPartOf\":{\"@id\":\"https:\/\/lakiara.ee\/en\/#website\"},\"primaryImageOfPage\":{\"@id\":\"https:\/\/lakiara.ee\/en\/ehted\/ducett-luxe-bundle-watch-and-bracelet-golden\/#primaryimage\"},\"datePublished\":\"2020-09-17T09:39:43+00:00\",\"dateModified\":\"2024-03-13T15:46:52+00:00\",\"description\":\"Ehted, mis jutustavad Sinu lugu! Me ei taha Sulle m\\u00fc\\u00fca lihtsalt ehteid. Meie soov on pakkuda Sulle emotsiooni, personaalsust ja t\\u00e4hendusega ehteid. La Kiara - ajatu ilu elegantsele naisele!\",\"breadcrumb\":{\"@id\":\"https:\/\/lakiara.ee\/en\/ehted\/ducett-luxe-bundle-watch-and-bracelet-golden\/#breadcrumb\"},\"inLanguage\":\"en-US\",\"potentialAction\":[{\"@type\":\"ReadAction\",\"target\":[\"https:\/\/lakiara.ee\/en\/ehted\/ducett-luxe-bundle-watch-and-bracelet-golden\/\"]}]},{\"@type\":\"BreadcrumbList\",\"@id\":\"https:\/\/lakiara.ee\/en\/ehted\/ducett-luxe-bundle-watch-and-bracelet-golden\/#breadcrumb\",\"itemListElement\":[{\"@type\":\"ListItem\",\"position\":1,\"item\":{\"@type\":\"WebPage\",\"@id\":\"https:\/\/lakiara.ee\/en\/\",\"url\":\"https:\/\/lakiara.ee\/en\/\",\"name\":\"Home\"}},{\"@type\":\"ListItem\",\"position\":2,\"item\":{\"@type\":\"WebPage\",\"@id\":\"https:\/\/lakiara.ee\/en\/shop\/\",\"url\":\"https:\/\/lakiara.ee\/en\/shop\/\",\"name\":\"Shop\"}},{\"@type\":\"ListItem\",\"position\":3,\"item\":{\"@type\":\"WebPage\",\"@id\":\"https:\/\/lakiara.ee\/en\/ehted\/ducett-luxe-bundle-watch-and-bracelet-golden\/\",\"url\":\"https:\/\/lakiara.ee\/en\/ehted\/ducett-luxe-bundle-watch-and-bracelet-golden\/\",\"name\":\"DUCETT LUXE BUNDLE: WATCH AND BRACELET GOLDEN\"}}]}]}<\/script>\n<!-- \/ Yoast SEO Premium plugin. -->","_links":{"self":[{"href":"https:\/\/lakiara.ee\/en\/wp-json\/wp\/v2\/product\/7857","targetHints":{"allow":["GET"]}}],"collection":[{"href":"https:\/\/lakiara.ee\/en\/wp-json\/wp\/v2\/product"}],"about":[{"href":"https:\/\/lakiara.ee\/en\/wp-json\/wp\/v2\/types\/product"}],"wp:featuredmedia":[{"embeddable":true,"href":"https:\/\/lakiara.ee\/en\/wp-json\/wp\/v2\/media\/7797"}],"wp:attachment":[{"href":"https:\/\/lakiara.ee\/en\/wp-json\/wp\/v2\/media?parent=7857"}],"wp:term":[{"taxonomy":"product_cat","embeddable":true,"href":"https:\/\/lakiara.ee\/en\/wp-json\/wp\/v2\/product_cat?post=7857"},{"taxonomy":"product_tag","embeddable":true,"href":"https:\/\/lakiara.ee\/en\/wp-json\/wp\/v2\/product_tag?post=7857"}],"curies":[{"name":"wp","href":"https:\/\/api.w.org\/{rel}","templated":true}]}}