{"id":8938,"date":"2022-02-04T08:25:48","date_gmt":"2022-02-04T08:25:48","guid":{"rendered":"https:\/\/lakiara.ee\/?post_type=product&#038;p=8938"},"modified":"2022-02-04T08:30:02","modified_gmt":"2022-02-04T08:30:02","slug":"bar-cube-initial-rose-gold","status":"publish","type":"product","link":"https:\/\/lakiara.ee\/en\/ehted\/bar-cube-initial-rose-gold\/","title":{"rendered":"Bar cube initial rose gold"},"content":{"rendered":"<table class=\"woocommerce-product-attributes shop_attributes\" style=\"font-size: 14.4px;\">\n<tbody>\n<tr class=\"woocommerce-product-attributes-item woocommerce-product-attributes-item--attribute_pa_brand\">\n<th class=\"woocommerce-product-attributes-item__label\">BRAND<\/th>\n<td class=\"woocommerce-product-attributes-item__value\">DUCETT<\/td>\n<\/tr>\n<tr class=\"woocommerce-product-attributes-item woocommerce-product-attributes-item--attribute_pa_color\">\n<th class=\"woocommerce-product-attributes-item__label\">COLOR<\/th>\n<td class=\"woocommerce-product-attributes-item__value\">ROSE GOLD<\/td>\n<\/tr>\n<tr class=\"woocommerce-product-attributes-item woocommerce-product-attributes-item--attribute_pa_material\">\n<th class=\"woocommerce-product-attributes-item__label\">MATERIAL<\/th>\n<td class=\"woocommerce-product-attributes-item__value\">STAINLESS STEEL 316L<\/td>\n<\/tr>\n<tr class=\"woocommerce-product-attributes-item woocommerce-product-attributes-item--attribute_pa_size\">\n<th class=\"woocommerce-product-attributes-item__label\">SIZE<\/th>\n<td class=\"woocommerce-product-attributes-item__value\">45cm + 5cm<\/td>\n<\/tr>\n<\/tbody>\n<\/table>\n<p>316L is a surgical grade stainless steel. Although not considered a precious metal, it is much more durable than silver or platinum. It also makes the jewelry durable and affordable. 316L Stainless Steel does not rust, stain, fade, stain your skin or corrode.<\/p>\n","protected":false},"excerpt":{"rendered":"<p>A shiny bar necklace where an initial can be engraved on each side. Choose from 1, 2, 3 or 4 initials.<\/p>\n","protected":false},"featured_media":8940,"template":"","meta":[],"product_cat":[197,188,167],"product_tag":[169,168,170],"class_list":["post-8938","product","type-product","status-publish","has-post-thumbnail","hentry","product_cat-engraved-jewelry","product_cat-necklaces","product_cat-all-products","product_tag-bracelets","product_tag-ducett-en","product_tag-womens-jewelry","wcpa_has_options"],"supplier_id":null,"supplier_sku":"","barcode":null,"atum_controlled":false,"out_stock_date":null,"out_stock_threshold":null,"inheritable":false,"inbound_stock":null,"stock_on_hold":0,"sold_today":0,"sales_last_days":0,"reserved_stock":null,"customer_returns":null,"warehouse_damage":null,"lost_in_post":null,"other_logs":null,"out_stock_days":0,"lost_sales":0,"has_location":false,"update_date":"2026-04-07T21:57:35","atum_locations":[],"atum_stock_status":"outofstock","restock_status":false,"low_stock_amount":"","sales_update_date":"2026-04-07T21:57:35","calc_backorders":null,"wcpa_form_fields":{"rules":{"pric_overide_base_price":false,"pric_overide_base_price_if_gt_zero":false,"pric_overide_base_price_fully":false,"pric_cal_option_once":false,"pric_use_as_fee":false,"bind_quantity":false,"quantity_bind_formula":false},"fields":[{"type":"text","required":true,"elementId":"wcpa-text-1600604142756","label":"Graveeringu tekst","description":"t\u00e4hem\u00e4rkide arvu leiad toote infost","pricingType":"fixed","name":"text-1600604142756","subtype":"text","cl_rule":"show","col":6,"relations":false,"form_id":1209,"form_rules":{"pric_cal_option_once":false,"exclude_from_discount":false,"pric_use_as_fee":false,"fee_label":"Fee","render_after_acb":false,"disp_hide_options_price":false}}]},"yoast_head":"<!-- This site is optimized with the Yoast SEO Premium plugin v15.9.1 - https:\/\/yoast.com\/wordpress\/plugins\/seo\/ -->\n<title>Bar cube initial rose gold - La Kiara - ehted, naiste ehted, k&otilde;rvar&otilde;ngad, Ag925 h&otilde;beehted<\/title>\n<meta name=\"description\" content=\"Ehted, mis jutustavad Sinu lugu! Me ei taha Sulle m\u00fc\u00fca lihtsalt ehteid. Meie soov on pakkuda Sulle emotsiooni, personaalsust ja t\u00e4hendusega ehteid. La Kiara - ajatu ilu elegantsele naisele!\" \/>\n<link rel=\"canonical\" href=\"https:\/\/lakiara.ee\/en\/ehted\/bar-cube-initial-rose-gold\/\" \/>\n<meta property=\"og:locale\" content=\"en_US\" \/>\n<meta property=\"og:type\" content=\"article\" \/>\n<meta property=\"og:title\" content=\"Bar cube initial rose gold - La Kiara - ehted, naiste ehted, k&otilde;rvar&otilde;ngad, Ag925 h&otilde;beehted\" \/>\n<meta property=\"og:description\" content=\"Ehted, mis jutustavad Sinu lugu! Me ei taha Sulle m\u00fc\u00fca lihtsalt ehteid. Meie soov on pakkuda Sulle emotsiooni, personaalsust ja t\u00e4hendusega ehteid. La Kiara - ajatu ilu elegantsele naisele!\" \/>\n<meta property=\"og:url\" content=\"https:\/\/lakiara.ee\/en\/ehted\/bar-cube-initial-rose-gold\/\" \/>\n<meta property=\"og:site_name\" content=\"La Kiara - ehted, naiste ehted, k&otilde;rvar&otilde;ngad, Ag925 h&otilde;beehted\" \/>\n<meta property=\"article:publisher\" content=\"https:\/\/www.facebook.com\/lakiaradesign\" \/>\n<meta property=\"article:modified_time\" content=\"2022-02-04T08:30:02+00:00\" \/>\n<meta property=\"og:image\" content=\"https:\/\/lakiara.ee\/wp-content\/uploads\/2022\/02\/BarCubeRoseinitials_720x.jpeg\" \/>\n\t<meta property=\"og:image:width\" content=\"720\" \/>\n\t<meta property=\"og:image:height\" content=\"720\" \/>\n<meta name=\"twitter:card\" content=\"summary_large_image\" \/>\n<meta name=\"twitter:label1\" content=\"Est. reading time\">\n\t<meta name=\"twitter:data1\" content=\"1 minute\">\n<script type=\"application\/ld+json\" class=\"yoast-schema-graph\">{\"@context\":\"https:\/\/schema.org\",\"@graph\":[{\"@type\":\"Organization\",\"@id\":\"https:\/\/lakiara.ee\/en\/#organization\",\"name\":\"La Kiara - ehted ja k\\u00e4ekellad\",\"url\":\"https:\/\/lakiara.ee\/en\/\",\"sameAs\":[\"https:\/\/www.facebook.com\/lakiaradesign\",\"https:\/\/www.instagram.com\/lakiara.ee\/\"],\"logo\":{\"@type\":\"ImageObject\",\"@id\":\"https:\/\/lakiara.ee\/en\/#logo\",\"inLanguage\":\"en-US\",\"url\":\"https:\/\/lakiara.ee\/wp-content\/uploads\/2020\/09\/la-kiara-org-logo.png\",\"width\":1000,\"height\":323,\"caption\":\"La Kiara - ehted ja k\\u00e4ekellad\"},\"image\":{\"@id\":\"https:\/\/lakiara.ee\/en\/#logo\"}},{\"@type\":\"WebSite\",\"@id\":\"https:\/\/lakiara.ee\/en\/#website\",\"url\":\"https:\/\/lakiara.ee\/en\/\",\"name\":\"La Kiara - Ehted ja kellad\",\"description\":\"La Kiara - Ajatu ilu kvaliteeti hindavale naisele. Ehted. K&otilde;rvar&otilde;ngad. Ag925 h&otilde;beehted. Naiste ehted. Kingitused ja kingiideed.\",\"publisher\":{\"@id\":\"https:\/\/lakiara.ee\/en\/#organization\"},\"potentialAction\":[{\"@type\":\"SearchAction\",\"target\":\"https:\/\/lakiara.ee\/en\/?s={search_term_string}\",\"query-input\":\"required name=search_term_string\"}],\"inLanguage\":\"en-US\"},{\"@type\":\"ImageObject\",\"@id\":\"https:\/\/lakiara.ee\/en\/ehted\/bar-cube-initial-rose-gold\/#primaryimage\",\"inLanguage\":\"en-US\",\"url\":\"https:\/\/lakiara.ee\/wp-content\/uploads\/2022\/02\/BarCubeRoseinitials_720x.jpeg\",\"width\":720,\"height\":720,\"caption\":\"Graveeringuga ehted\"},{\"@type\":\"WebPage\",\"@id\":\"https:\/\/lakiara.ee\/en\/ehted\/bar-cube-initial-rose-gold\/#webpage\",\"url\":\"https:\/\/lakiara.ee\/en\/ehted\/bar-cube-initial-rose-gold\/\",\"name\":\"Bar cube initial rose gold - La Kiara - ehted, naiste ehted, k&otilde;rvar&otilde;ngad, Ag925 h&otilde;beehted\",\"isPartOf\":{\"@id\":\"https:\/\/lakiara.ee\/en\/#website\"},\"primaryImageOfPage\":{\"@id\":\"https:\/\/lakiara.ee\/en\/ehted\/bar-cube-initial-rose-gold\/#primaryimage\"},\"datePublished\":\"2022-02-04T08:25:48+00:00\",\"dateModified\":\"2022-02-04T08:30:02+00:00\",\"description\":\"Ehted, mis jutustavad Sinu lugu! Me ei taha Sulle m\\u00fc\\u00fca lihtsalt ehteid. Meie soov on pakkuda Sulle emotsiooni, personaalsust ja t\\u00e4hendusega ehteid. La Kiara - ajatu ilu elegantsele naisele!\",\"breadcrumb\":{\"@id\":\"https:\/\/lakiara.ee\/en\/ehted\/bar-cube-initial-rose-gold\/#breadcrumb\"},\"inLanguage\":\"en-US\",\"potentialAction\":[{\"@type\":\"ReadAction\",\"target\":[\"https:\/\/lakiara.ee\/en\/ehted\/bar-cube-initial-rose-gold\/\"]}]},{\"@type\":\"BreadcrumbList\",\"@id\":\"https:\/\/lakiara.ee\/en\/ehted\/bar-cube-initial-rose-gold\/#breadcrumb\",\"itemListElement\":[{\"@type\":\"ListItem\",\"position\":1,\"item\":{\"@type\":\"WebPage\",\"@id\":\"https:\/\/lakiara.ee\/en\/\",\"url\":\"https:\/\/lakiara.ee\/en\/\",\"name\":\"Home\"}},{\"@type\":\"ListItem\",\"position\":2,\"item\":{\"@type\":\"WebPage\",\"@id\":\"https:\/\/lakiara.ee\/en\/shop\/\",\"url\":\"https:\/\/lakiara.ee\/en\/shop\/\",\"name\":\"Shop\"}},{\"@type\":\"ListItem\",\"position\":3,\"item\":{\"@type\":\"WebPage\",\"@id\":\"https:\/\/lakiara.ee\/en\/ehted\/bar-cube-initial-rose-gold\/\",\"url\":\"https:\/\/lakiara.ee\/en\/ehted\/bar-cube-initial-rose-gold\/\",\"name\":\"Bar cube initial rose gold\"}}]}]}<\/script>\n<!-- \/ Yoast SEO Premium plugin. -->","_links":{"self":[{"href":"https:\/\/lakiara.ee\/en\/wp-json\/wp\/v2\/product\/8938","targetHints":{"allow":["GET"]}}],"collection":[{"href":"https:\/\/lakiara.ee\/en\/wp-json\/wp\/v2\/product"}],"about":[{"href":"https:\/\/lakiara.ee\/en\/wp-json\/wp\/v2\/types\/product"}],"wp:featuredmedia":[{"embeddable":true,"href":"https:\/\/lakiara.ee\/en\/wp-json\/wp\/v2\/media\/8940"}],"wp:attachment":[{"href":"https:\/\/lakiara.ee\/en\/wp-json\/wp\/v2\/media?parent=8938"}],"wp:term":[{"taxonomy":"product_cat","embeddable":true,"href":"https:\/\/lakiara.ee\/en\/wp-json\/wp\/v2\/product_cat?post=8938"},{"taxonomy":"product_tag","embeddable":true,"href":"https:\/\/lakiara.ee\/en\/wp-json\/wp\/v2\/product_tag?post=8938"}],"curies":[{"name":"wp","href":"https:\/\/api.w.org\/{rel}","templated":true}]}}