{"id":9350,"date":"2022-02-12T16:29:44","date_gmt":"2022-02-12T16:29:44","guid":{"rendered":"https:\/\/lakiara.ee\/?post_type=product&#038;p=9350"},"modified":"2022-02-12T16:38:52","modified_gmt":"2022-02-12T16:38:52","slug":"initial-chain-bracelet-gold","status":"publish","type":"product","link":"https:\/\/lakiara.ee\/en\/ehted\/initial-chain-bracelet-gold\/","title":{"rendered":"Initial chain bracelet gold"},"content":{"rendered":"<table class=\"woocommerce-product-attributes shop_attributes\" style=\"font-size: 14.4px;\">\n<tbody>\n<tr class=\"woocommerce-product-attributes-item woocommerce-product-attributes-item--attribute_pa_brand\">\n<th class=\"woocommerce-product-attributes-item__label\">BRAND<\/th>\n<td class=\"woocommerce-product-attributes-item__value\">DUCETT<\/td>\n<\/tr>\n<tr class=\"woocommerce-product-attributes-item woocommerce-product-attributes-item--attribute_pa_color\">\n<th class=\"woocommerce-product-attributes-item__label\">COLOR<\/th>\n<td class=\"woocommerce-product-attributes-item__value\">GOLD<\/td>\n<\/tr>\n<tr class=\"woocommerce-product-attributes-item woocommerce-product-attributes-item--attribute_pa_material\">\n<th class=\"woocommerce-product-attributes-item__label\">MATERIAL<\/th>\n<td class=\"woocommerce-product-attributes-item__value\">STAINLESS STEEL 316L<\/td>\n<\/tr>\n<tr class=\"woocommerce-product-attributes-item woocommerce-product-attributes-item--attribute_pa_size\">\n<th class=\"woocommerce-product-attributes-item__label\">SIZE<\/th>\n<td class=\"woocommerce-product-attributes-item__value\">18cm<\/td>\n<\/tr>\n<\/tbody>\n<\/table>\n<p>316L is a surgical grade stainless steel. Although not considered a precious metal, it is much more durable than silver or platinum. It also makes the jewelry durable and affordable. 316L Stainless Steel does not rust, stain, fade, stain your skin or corrode.<\/p>\n","protected":false},"excerpt":{"rendered":"<p>A bracelet with a robust appearance. The clasp works with a magnet. Engrave the initials \u2013 max 4.<\/p>\n<p>Size: 18cm<\/p>\n<p>Comes in a luxury jewelry box<\/p>\n","protected":false},"featured_media":9352,"template":"","meta":[],"product_cat":[197,167],"product_tag":[169,168,170],"class_list":["post-9350","product","type-product","status-publish","has-post-thumbnail","hentry","product_cat-engraved-jewelry","product_cat-all-products","product_tag-bracelets","product_tag-ducett-en","product_tag-womens-jewelry","wcpa_has_options"],"supplier_id":null,"supplier_sku":"","barcode":null,"atum_controlled":false,"out_stock_date":null,"out_stock_threshold":null,"inheritable":false,"inbound_stock":null,"stock_on_hold":0,"sold_today":0,"sales_last_days":0,"reserved_stock":null,"customer_returns":null,"warehouse_damage":null,"lost_in_post":null,"other_logs":null,"out_stock_days":0,"lost_sales":0,"has_location":false,"update_date":"2026-04-07T21:56:03","atum_locations":[],"atum_stock_status":"outofstock","restock_status":false,"low_stock_amount":"","sales_update_date":"2026-04-07T21:56:03","calc_backorders":null,"wcpa_form_fields":{"rules":{"pric_overide_base_price":false,"pric_overide_base_price_if_gt_zero":false,"pric_overide_base_price_fully":false,"pric_cal_option_once":false,"pric_use_as_fee":false,"bind_quantity":false,"quantity_bind_formula":false},"fields":[{"type":"text","required":true,"elementId":"wcpa-text-1600604142756","label":"Graveeringu tekst","description":"t\u00e4hem\u00e4rkide arvu leiad toote infost","pricingType":"fixed","name":"text-1600604142756","subtype":"text","cl_rule":"show","col":6,"relations":false,"form_id":1209,"form_rules":{"pric_cal_option_once":false,"exclude_from_discount":false,"pric_use_as_fee":false,"fee_label":"Fee","render_after_acb":false,"disp_hide_options_price":false}}]},"yoast_head":"<!-- This site is optimized with the Yoast SEO Premium plugin v15.9.1 - https:\/\/yoast.com\/wordpress\/plugins\/seo\/ -->\n<title>Initial chain bracelet gold - La Kiara - ehted, naiste ehted, k&otilde;rvar&otilde;ngad, Ag925 h&otilde;beehted<\/title>\n<meta name=\"description\" content=\"Ehted, mis jutustavad Sinu lugu! Me ei taha Sulle m\u00fc\u00fca lihtsalt ehteid. Meie soov on pakkuda Sulle emotsiooni, personaalsust ja t\u00e4hendusega ehteid. La Kiara - ajatu ilu elegantsele naisele!\" \/>\n<link rel=\"canonical\" href=\"https:\/\/lakiara.ee\/en\/ehted\/initial-chain-bracelet-gold\/\" \/>\n<meta property=\"og:locale\" content=\"en_US\" \/>\n<meta property=\"og:type\" content=\"article\" \/>\n<meta property=\"og:title\" content=\"Initial chain bracelet gold - La Kiara - ehted, naiste ehted, k&otilde;rvar&otilde;ngad, Ag925 h&otilde;beehted\" \/>\n<meta property=\"og:description\" content=\"Ehted, mis jutustavad Sinu lugu! Me ei taha Sulle m\u00fc\u00fca lihtsalt ehteid. Meie soov on pakkuda Sulle emotsiooni, personaalsust ja t\u00e4hendusega ehteid. La Kiara - ajatu ilu elegantsele naisele!\" \/>\n<meta property=\"og:url\" content=\"https:\/\/lakiara.ee\/en\/ehted\/initial-chain-bracelet-gold\/\" \/>\n<meta property=\"og:site_name\" content=\"La Kiara - ehted, naiste ehted, k&otilde;rvar&otilde;ngad, Ag925 h&otilde;beehted\" \/>\n<meta property=\"article:publisher\" content=\"https:\/\/www.facebook.com\/lakiaradesign\" \/>\n<meta property=\"article:modified_time\" content=\"2022-02-12T16:38:52+00:00\" \/>\n<meta property=\"og:image\" content=\"https:\/\/lakiara.ee\/wp-content\/uploads\/2022\/02\/11_6a9bc7a1-79f4-4f85-865f-f9a6c1d2b976_720x.jpeg\" \/>\n\t<meta property=\"og:image:width\" content=\"720\" \/>\n\t<meta property=\"og:image:height\" content=\"583\" \/>\n<meta name=\"twitter:card\" content=\"summary_large_image\" \/>\n<meta name=\"twitter:label1\" content=\"Est. reading time\">\n\t<meta name=\"twitter:data1\" content=\"1 minute\">\n<script type=\"application\/ld+json\" class=\"yoast-schema-graph\">{\"@context\":\"https:\/\/schema.org\",\"@graph\":[{\"@type\":\"Organization\",\"@id\":\"https:\/\/lakiara.ee\/en\/#organization\",\"name\":\"La Kiara - ehted ja k\\u00e4ekellad\",\"url\":\"https:\/\/lakiara.ee\/en\/\",\"sameAs\":[\"https:\/\/www.facebook.com\/lakiaradesign\",\"https:\/\/www.instagram.com\/lakiara.ee\/\"],\"logo\":{\"@type\":\"ImageObject\",\"@id\":\"https:\/\/lakiara.ee\/en\/#logo\",\"inLanguage\":\"en-US\",\"url\":\"https:\/\/lakiara.ee\/wp-content\/uploads\/2020\/09\/la-kiara-org-logo.png\",\"width\":1000,\"height\":323,\"caption\":\"La Kiara - ehted ja k\\u00e4ekellad\"},\"image\":{\"@id\":\"https:\/\/lakiara.ee\/en\/#logo\"}},{\"@type\":\"WebSite\",\"@id\":\"https:\/\/lakiara.ee\/en\/#website\",\"url\":\"https:\/\/lakiara.ee\/en\/\",\"name\":\"La Kiara - Ehted ja kellad\",\"description\":\"La Kiara - Ajatu ilu kvaliteeti hindavale naisele. Ehted. K&otilde;rvar&otilde;ngad. Ag925 h&otilde;beehted. Naiste ehted. Kingitused ja kingiideed.\",\"publisher\":{\"@id\":\"https:\/\/lakiara.ee\/en\/#organization\"},\"potentialAction\":[{\"@type\":\"SearchAction\",\"target\":\"https:\/\/lakiara.ee\/en\/?s={search_term_string}\",\"query-input\":\"required name=search_term_string\"}],\"inLanguage\":\"en-US\"},{\"@type\":\"ImageObject\",\"@id\":\"https:\/\/lakiara.ee\/en\/ehted\/initial-chain-bracelet-gold\/#primaryimage\",\"inLanguage\":\"en-US\",\"url\":\"https:\/\/lakiara.ee\/wp-content\/uploads\/2022\/02\/11_6a9bc7a1-79f4-4f85-865f-f9a6c1d2b976_720x.jpeg\",\"width\":720,\"height\":583,\"caption\":\"Naiste ehted\"},{\"@type\":\"WebPage\",\"@id\":\"https:\/\/lakiara.ee\/en\/ehted\/initial-chain-bracelet-gold\/#webpage\",\"url\":\"https:\/\/lakiara.ee\/en\/ehted\/initial-chain-bracelet-gold\/\",\"name\":\"Initial chain bracelet gold - La Kiara - ehted, naiste ehted, k&otilde;rvar&otilde;ngad, Ag925 h&otilde;beehted\",\"isPartOf\":{\"@id\":\"https:\/\/lakiara.ee\/en\/#website\"},\"primaryImageOfPage\":{\"@id\":\"https:\/\/lakiara.ee\/en\/ehted\/initial-chain-bracelet-gold\/#primaryimage\"},\"datePublished\":\"2022-02-12T16:29:44+00:00\",\"dateModified\":\"2022-02-12T16:38:52+00:00\",\"description\":\"Ehted, mis jutustavad Sinu lugu! Me ei taha Sulle m\\u00fc\\u00fca lihtsalt ehteid. Meie soov on pakkuda Sulle emotsiooni, personaalsust ja t\\u00e4hendusega ehteid. La Kiara - ajatu ilu elegantsele naisele!\",\"breadcrumb\":{\"@id\":\"https:\/\/lakiara.ee\/en\/ehted\/initial-chain-bracelet-gold\/#breadcrumb\"},\"inLanguage\":\"en-US\",\"potentialAction\":[{\"@type\":\"ReadAction\",\"target\":[\"https:\/\/lakiara.ee\/en\/ehted\/initial-chain-bracelet-gold\/\"]}]},{\"@type\":\"BreadcrumbList\",\"@id\":\"https:\/\/lakiara.ee\/en\/ehted\/initial-chain-bracelet-gold\/#breadcrumb\",\"itemListElement\":[{\"@type\":\"ListItem\",\"position\":1,\"item\":{\"@type\":\"WebPage\",\"@id\":\"https:\/\/lakiara.ee\/en\/\",\"url\":\"https:\/\/lakiara.ee\/en\/\",\"name\":\"Home\"}},{\"@type\":\"ListItem\",\"position\":2,\"item\":{\"@type\":\"WebPage\",\"@id\":\"https:\/\/lakiara.ee\/en\/shop\/\",\"url\":\"https:\/\/lakiara.ee\/en\/shop\/\",\"name\":\"Shop\"}},{\"@type\":\"ListItem\",\"position\":3,\"item\":{\"@type\":\"WebPage\",\"@id\":\"https:\/\/lakiara.ee\/en\/ehted\/initial-chain-bracelet-gold\/\",\"url\":\"https:\/\/lakiara.ee\/en\/ehted\/initial-chain-bracelet-gold\/\",\"name\":\"Initial chain bracelet gold\"}}]}]}<\/script>\n<!-- \/ Yoast SEO Premium plugin. -->","_links":{"self":[{"href":"https:\/\/lakiara.ee\/en\/wp-json\/wp\/v2\/product\/9350","targetHints":{"allow":["GET"]}}],"collection":[{"href":"https:\/\/lakiara.ee\/en\/wp-json\/wp\/v2\/product"}],"about":[{"href":"https:\/\/lakiara.ee\/en\/wp-json\/wp\/v2\/types\/product"}],"wp:featuredmedia":[{"embeddable":true,"href":"https:\/\/lakiara.ee\/en\/wp-json\/wp\/v2\/media\/9352"}],"wp:attachment":[{"href":"https:\/\/lakiara.ee\/en\/wp-json\/wp\/v2\/media?parent=9350"}],"wp:term":[{"taxonomy":"product_cat","embeddable":true,"href":"https:\/\/lakiara.ee\/en\/wp-json\/wp\/v2\/product_cat?post=9350"},{"taxonomy":"product_tag","embeddable":true,"href":"https:\/\/lakiara.ee\/en\/wp-json\/wp\/v2\/product_tag?post=9350"}],"curies":[{"name":"wp","href":"https:\/\/api.w.org\/{rel}","templated":true}]}}