{"id":27136,"date":"2021-11-15T19:07:36","date_gmt":"2024-09-20T16:17:57","guid":{"rendered":"https:\/\/lakiara.ee\/ehted\/ag925-tube-earrings-silver\/"},"modified":"2024-09-21T10:34:48","modified_gmt":"2024-09-21T07:34:48","slug":"ag925-tube-earrings-silver","status":"publish","type":"product","link":"https:\/\/lakiara.ee\/fi\/ehted\/ag925-tube-earrings-silver\/","title":{"rendered":"Ag925 Tube earrings, silver"},"content":{"rendered":"<p>Ag925 sterling silver earrings are coated with the following jewelry materials depending on the tone:<br \/>\nSilver-tone Ag925 earrings: White Rhodium, RH (coating thickness 0.2\u03bcm) or Platinum, PT (coating thickness 0.4\u03bcm) \u2013 silver jewelry with a white rhodium or platinum coating retains its original quality for a very long time. It does not tarnish or fade. Resistant to any kind of color change. Visually slightly darker than pure silver and resembles white gold.<br \/>\nGold and rose gold-tone Ag925 earrings: The Ag925 silver jewelry is coated with a two-layer 18K gold plating (AU), with a rose gold coating. The gold-plated base layer + top finishing layer ensures a stronger and more durable gold coating for the jewelry. The thickness of the gold layer is 0.4\u03bcm.<\/p>\n","protected":false},"excerpt":{"rendered":"<p>Here is the translation of the text into English:<\/p>\n<p>Extremely high-quality, minimalist yet striking silver jewelry for everyday wear. A simple, high-quality, and charming gift for women of all ages.<br \/>\nColor: Silver<br \/>\nMaterial: Ag925 sterling silver, platinum coating \u2013 does not tarnish, does not change color.<br \/>\nLength: 3cm, thickness: 2mm.<br \/>\nAll earrings are shipped in a secure jewelry box. If you would like to add an outer gift box, please make the appropriate selection for the gift set in the menu below.<\/p>\n<p>&nbsp;<\/p>\n<p>&nbsp;<\/p>\n<p>&nbsp;<\/p>\n<p>&nbsp;<\/p>\n","protected":false},"featured_media":27460,"template":"","meta":[],"product_cat":[684,685,222,682,686,687,683,221],"product_tag":[],"class_list":["post-27136","product","type-product","status-publish","has-post-thumbnail","hentry","product_cat-ag925-sterling-silver-fi","product_cat-minimalist-fi","product_cat-korvarongad-fi","product_cat-ag925-sterling-hobe-fi","product_cat-hypoallergenic-waterproof-jewelry","product_cat-earrings-fi","product_cat-silver","product_cat-kaikki-tuotteet"],"supplier_id":null,"supplier_sku":"","barcode":null,"atum_controlled":true,"out_stock_date":null,"out_stock_threshold":null,"inheritable":false,"inbound_stock":0,"stock_on_hold":1,"sold_today":0,"sales_last_days":0,"reserved_stock":0,"customer_returns":0,"warehouse_damage":0,"lost_in_post":0,"other_logs":0,"out_stock_days":0,"lost_sales":0,"has_location":false,"update_date":"2026-04-20T22:11:11","atum_locations":[],"atum_stock_status":"instock","restock_status":false,"low_stock_amount":0,"sales_update_date":"2026-04-20T22:11:11","calc_backorders":null,"wcpa_form_fields":null,"yoast_head":"<!-- This site is optimized with the Yoast SEO Premium plugin v15.9.1 - https:\/\/yoast.com\/wordpress\/plugins\/seo\/ -->\n<title>Ag925 Tube earrings, silver - La Kiara - ehted, naiste ehted, k&otilde;rvar&otilde;ngad, Ag925 h&otilde;beehted<\/title>\n<meta name=\"description\" content=\"Ehted, mis jutustavad Sinu lugu! Me ei taha Sulle m\u00fc\u00fca lihtsalt ehteid. Meie soov on pakkuda Sulle emotsiooni, personaalsust ja t\u00e4hendusega ehteid. La Kiara - ajatu ilu elegantsele naisele!\" \/>\n<link rel=\"canonical\" href=\"https:\/\/lakiara.ee\/fi\/ehted\/ag925-tube-earrings-silver\/\" \/>\n<meta property=\"og:locale\" content=\"fi_FI\" \/>\n<meta property=\"og:type\" content=\"article\" \/>\n<meta property=\"og:title\" content=\"Ag925 Tube earrings, silver - La Kiara - ehted, naiste ehted, k&otilde;rvar&otilde;ngad, Ag925 h&otilde;beehted\" \/>\n<meta property=\"og:description\" content=\"Ehted, mis jutustavad Sinu lugu! Me ei taha Sulle m\u00fc\u00fca lihtsalt ehteid. Meie soov on pakkuda Sulle emotsiooni, personaalsust ja t\u00e4hendusega ehteid. La Kiara - ajatu ilu elegantsele naisele!\" \/>\n<meta property=\"og:url\" content=\"https:\/\/lakiara.ee\/fi\/ehted\/ag925-tube-earrings-silver\/\" \/>\n<meta property=\"og:site_name\" content=\"La Kiara - ehted, naiste ehted, k&otilde;rvar&otilde;ngad, Ag925 h&otilde;beehted\" \/>\n<meta property=\"article:publisher\" content=\"https:\/\/www.facebook.com\/lakiaradesign\" \/>\n<meta property=\"article:modified_time\" content=\"2024-09-21T07:34:48+00:00\" \/>\n<meta property=\"og:image\" content=\"https:\/\/lakiara.ee\/wp-content\/uploads\/2021\/11\/IMG_7055.jpg\" \/>\n\t<meta property=\"og:image:width\" content=\"1918\" \/>\n\t<meta property=\"og:image:height\" content=\"1749\" \/>\n<meta name=\"twitter:card\" content=\"summary_large_image\" \/>\n<meta name=\"twitter:label1\" content=\"Arvioitu lukuaika\">\n\t<meta name=\"twitter:data1\" content=\"1 minuutti\">\n<script type=\"application\/ld+json\" class=\"yoast-schema-graph\">{\"@context\":\"https:\/\/schema.org\",\"@graph\":[{\"@type\":\"Organization\",\"@id\":\"https:\/\/lakiara.ee\/fi\/#organization\",\"name\":\"La Kiara - ehted ja k\\u00e4ekellad\",\"url\":\"https:\/\/lakiara.ee\/fi\/\",\"sameAs\":[\"https:\/\/www.facebook.com\/lakiaradesign\",\"https:\/\/www.instagram.com\/lakiara.ee\/\"],\"logo\":{\"@type\":\"ImageObject\",\"@id\":\"https:\/\/lakiara.ee\/fi\/#logo\",\"inLanguage\":\"fi\",\"url\":\"https:\/\/lakiara.ee\/wp-content\/uploads\/2020\/09\/la-kiara-org-logo.png\",\"width\":1000,\"height\":323,\"caption\":\"La Kiara - ehted ja k\\u00e4ekellad\"},\"image\":{\"@id\":\"https:\/\/lakiara.ee\/fi\/#logo\"}},{\"@type\":\"WebSite\",\"@id\":\"https:\/\/lakiara.ee\/fi\/#website\",\"url\":\"https:\/\/lakiara.ee\/fi\/\",\"name\":\"La Kiara - Ehted ja kellad\",\"description\":\"La Kiara - Ajatu ilu kvaliteeti hindavale naisele. Ehted. K&otilde;rvar&otilde;ngad. Ag925 h&otilde;beehted. Naiste ehted. Kingitused ja kingiideed.\",\"publisher\":{\"@id\":\"https:\/\/lakiara.ee\/fi\/#organization\"},\"potentialAction\":[{\"@type\":\"SearchAction\",\"target\":\"https:\/\/lakiara.ee\/fi\/?s={search_term_string}\",\"query-input\":\"required name=search_term_string\"}],\"inLanguage\":\"fi\"},{\"@type\":\"ImageObject\",\"@id\":\"https:\/\/lakiara.ee\/fi\/ehted\/ag925-tube-earrings-silver\/#primaryimage\",\"inLanguage\":\"fi\",\"url\":\"https:\/\/lakiara.ee\/wp-content\/uploads\/2021\/11\/IMG_7055.jpg\",\"width\":1918,\"height\":1749,\"caption\":\"Ag925 h\\u00f5beehted\"},{\"@type\":\"WebPage\",\"@id\":\"https:\/\/lakiara.ee\/fi\/ehted\/ag925-tube-earrings-silver\/#webpage\",\"url\":\"https:\/\/lakiara.ee\/fi\/ehted\/ag925-tube-earrings-silver\/\",\"name\":\"Ag925 Tube earrings, silver - La Kiara - ehted, naiste ehted, k&otilde;rvar&otilde;ngad, Ag925 h&otilde;beehted\",\"isPartOf\":{\"@id\":\"https:\/\/lakiara.ee\/fi\/#website\"},\"primaryImageOfPage\":{\"@id\":\"https:\/\/lakiara.ee\/fi\/ehted\/ag925-tube-earrings-silver\/#primaryimage\"},\"datePublished\":\"2024-09-20T16:17:57+00:00\",\"dateModified\":\"2024-09-21T07:34:48+00:00\",\"description\":\"Ehted, mis jutustavad Sinu lugu! Me ei taha Sulle m\\u00fc\\u00fca lihtsalt ehteid. Meie soov on pakkuda Sulle emotsiooni, personaalsust ja t\\u00e4hendusega ehteid. La Kiara - ajatu ilu elegantsele naisele!\",\"breadcrumb\":{\"@id\":\"https:\/\/lakiara.ee\/fi\/ehted\/ag925-tube-earrings-silver\/#breadcrumb\"},\"inLanguage\":\"fi\",\"potentialAction\":[{\"@type\":\"ReadAction\",\"target\":[\"https:\/\/lakiara.ee\/fi\/ehted\/ag925-tube-earrings-silver\/\"]}]},{\"@type\":\"BreadcrumbList\",\"@id\":\"https:\/\/lakiara.ee\/fi\/ehted\/ag925-tube-earrings-silver\/#breadcrumb\",\"itemListElement\":[{\"@type\":\"ListItem\",\"position\":1,\"item\":{\"@type\":\"WebPage\",\"@id\":\"https:\/\/lakiara.ee\/fi\/\",\"url\":\"https:\/\/lakiara.ee\/fi\/\",\"name\":\"Home\"}},{\"@type\":\"ListItem\",\"position\":2,\"item\":{\"@type\":\"WebPage\",\"@id\":\"https:\/\/lakiara.ee\/pood\/\",\"url\":\"https:\/\/lakiara.ee\/pood\/\",\"name\":\"Pood\"}},{\"@type\":\"ListItem\",\"position\":3,\"item\":{\"@type\":\"WebPage\",\"@id\":\"https:\/\/lakiara.ee\/fi\/ehted\/ag925-tube-earrings-silver\/\",\"url\":\"https:\/\/lakiara.ee\/fi\/ehted\/ag925-tube-earrings-silver\/\",\"name\":\"Ag925 Tube earrings, silver\"}}]}]}<\/script>\n<!-- \/ Yoast SEO Premium plugin. -->","_links":{"self":[{"href":"https:\/\/lakiara.ee\/fi\/wp-json\/wp\/v2\/product\/27136","targetHints":{"allow":["GET"]}}],"collection":[{"href":"https:\/\/lakiara.ee\/fi\/wp-json\/wp\/v2\/product"}],"about":[{"href":"https:\/\/lakiara.ee\/fi\/wp-json\/wp\/v2\/types\/product"}],"wp:featuredmedia":[{"embeddable":true,"href":"https:\/\/lakiara.ee\/fi\/wp-json\/wp\/v2\/media\/27460"}],"wp:attachment":[{"href":"https:\/\/lakiara.ee\/fi\/wp-json\/wp\/v2\/media?parent=27136"}],"wp:term":[{"taxonomy":"product_cat","embeddable":true,"href":"https:\/\/lakiara.ee\/fi\/wp-json\/wp\/v2\/product_cat?post=27136"},{"taxonomy":"product_tag","embeddable":true,"href":"https:\/\/lakiara.ee\/fi\/wp-json\/wp\/v2\/product_tag?post=27136"}],"curies":[{"name":"wp","href":"https:\/\/api.w.org\/{rel}","templated":true}]}}